{"id":6314,"date":"2017-08-28T14:43:33","date_gmt":"2017-08-28T14:43:33","guid":{"rendered":"https:\/\/rigaapartment.com\/?page_id=6314"},"modified":"2018-12-12T14:26:43","modified_gmt":"2018-12-12T14:26:43","slug":"viesnicas-eksterjers","status":"publish","type":"page","link":"https:\/\/rigaapartment.com\/lv\/viesnicas-eksterjers\/","title":{"rendered":"RIGAAPARTMENT SONADA | \u0122ertr\u016bdes iela 129, R\u012bga"},"content":{"rendered":"<div class=\"row room_sliders\">\r\n\t\n\t\t\t<!-- START Aparthotel Exterior REVOLUTION SLIDER 6.6.8 --><p class=\"rs-p-wp-fix\"><\/p>\n\t\t\t<rs-module-wrap id=\"rev_slider_63_1_wrapper\" data-source=\"gallery\" style=\"visibility:hidden;background:transparent;padding:0;margin:0px auto;margin-top:0;margin-bottom:0;\">\n\t\t\t\t<rs-module id=\"rev_slider_63_1\" style=\"\" data-version=\"6.6.8\">\n\t\t\t\t\t<rs-slides style=\"overflow: hidden; position: absolute;\">\n\t\t\t\t\t\t<rs-slide style=\"position: absolute;\" data-key=\"rs-720\" data-title=\"Slide\" data-thumb=\"\/\/rigaapartment.com\/wp-content\/uploads\/2019\/08\/Sonada_hotel_exterior_01-100x50.jpg\" data-anim=\"adpr:false;\">\n\t\t\t\t\t\t\t<img decoding=\"async\" src=\"\/\/rigaapartment.com\/wp-content\/plugins\/revslider\/public\/assets\/assets\/dummy.png\" alt=\"\" title=\"RIGAAPARTMENT SONADA | \u0122ertr\u016bdes iela 129, R\u012bga\" class=\"rev-slidebg tp-rs-img rs-lazyload\" data-lazyload=\"\/\/rigaapartment.com\/wp-content\/uploads\/2019\/08\/Sonada_hotel_exterior_01.jpg\" data-parallax=\"off\" data-no-retina>\n<!---->\t\t\t\t\t\t<\/rs-slide>\n\t\t\t\t\t\t<rs-slide style=\"position: absolute;\" data-key=\"rs-719\" data-title=\"Slide\" data-thumb=\"\/\/rigaapartment.com\/wp-content\/uploads\/2017\/08\/Sonada-Apartments_17-100x50.jpg\" data-anim=\"adpr:false;\">\n\t\t\t\t\t\t\t<img decoding=\"async\" src=\"\/\/rigaapartment.com\/wp-content\/plugins\/revslider\/public\/assets\/assets\/dummy.png\" alt=\"\" title=\"RIGAAPARTMENT SONADA | \u0122ertr\u016bdes iela 129, R\u012bga\" class=\"rev-slidebg tp-rs-img rs-lazyload\" data-lazyload=\"\/\/rigaapartment.com\/wp-content\/uploads\/2017\/08\/Sonada-Apartments_17.jpg\" data-parallax=\"off\" data-no-retina>\n<!---->\t\t\t\t\t\t<\/rs-slide>\n\t\t\t\t\t\t<rs-slide style=\"position: absolute;\" data-key=\"rs-718\" data-title=\"Slide\" data-thumb=\"\/\/rigaapartment.com\/wp-content\/uploads\/2017\/08\/Sonada-Apartments_16-100x50.jpg\" data-anim=\"adpr:false;\">\n\t\t\t\t\t\t\t<img decoding=\"async\" src=\"\/\/rigaapartment.com\/wp-content\/plugins\/revslider\/public\/assets\/assets\/dummy.png\" alt=\"\" title=\"RIGAAPARTMENT SONADA | \u0122ertr\u016bdes iela 129, R\u012bga\" class=\"rev-slidebg tp-rs-img rs-lazyload\" data-lazyload=\"\/\/rigaapartment.com\/wp-content\/uploads\/2017\/08\/Sonada-Apartments_16.jpg\" data-parallax=\"off\" data-no-retina>\n<!---->\t\t\t\t\t\t<\/rs-slide>\n\t\t\t\t\t\t<rs-slide style=\"position: absolute;\" data-key=\"rs-717\" data-title=\"Slide\" data-thumb=\"\/\/rigaapartment.com\/wp-content\/uploads\/2017\/08\/Sonada-Apartments_15-100x50.jpg\" data-anim=\"adpr:false;\">\n\t\t\t\t\t\t\t<img decoding=\"async\" src=\"\/\/rigaapartment.com\/wp-content\/plugins\/revslider\/public\/assets\/assets\/dummy.png\" alt=\"\" title=\"RIGAAPARTMENT SONADA | \u0122ertr\u016bdes iela 129, R\u012bga\" class=\"rev-slidebg tp-rs-img rs-lazyload\" data-lazyload=\"\/\/rigaapartment.com\/wp-content\/uploads\/2017\/08\/Sonada-Apartments_15.jpg\" data-parallax=\"off\" data-no-retina>\n<!---->\t\t\t\t\t\t<\/rs-slide>\n\t\t\t\t\t\t<rs-slide style=\"position: absolute;\" data-key=\"rs-716\" data-title=\"Slide\" data-thumb=\"\/\/rigaapartment.com\/wp-content\/uploads\/2017\/08\/Sonada-Apartments_14-100x50.jpg\" data-anim=\"adpr:false;\">\n\t\t\t\t\t\t\t<img decoding=\"async\" src=\"\/\/rigaapartment.com\/wp-content\/plugins\/revslider\/public\/assets\/assets\/dummy.png\" alt=\"\" title=\"RIGAAPARTMENT SONADA | \u0122ertr\u016bdes iela 129, R\u012bga\" class=\"rev-slidebg tp-rs-img rs-lazyload\" data-lazyload=\"\/\/rigaapartment.com\/wp-content\/uploads\/2017\/08\/Sonada-Apartments_14.jpg\" data-parallax=\"off\" data-no-retina>\n<!---->\t\t\t\t\t\t<\/rs-slide>\n\t\t\t\t\t\t<rs-slide style=\"position: absolute;\" data-key=\"rs-715\" data-title=\"Slide\" data-thumb=\"\/\/rigaapartment.com\/wp-content\/uploads\/2017\/08\/Sonada-Apartments_13-100x50.jpg\" data-anim=\"adpr:false;\">\n\t\t\t\t\t\t\t<img decoding=\"async\" src=\"\/\/rigaapartment.com\/wp-content\/plugins\/revslider\/public\/assets\/assets\/dummy.png\" alt=\"\" title=\"RIGAAPARTMENT SONADA | \u0122ertr\u016bdes iela 129, R\u012bga\" class=\"rev-slidebg tp-rs-img rs-lazyload\" data-lazyload=\"\/\/rigaapartment.com\/wp-content\/uploads\/2017\/08\/Sonada-Apartments_13.jpg\" data-parallax=\"off\" data-no-retina>\n<!---->\t\t\t\t\t\t<\/rs-slide>\n\t\t\t\t\t\t<rs-slide style=\"position: absolute;\" data-key=\"rs-714\" data-title=\"Slide\" data-thumb=\"\/\/rigaapartment.com\/wp-content\/uploads\/2017\/08\/Sonada-Apartments_12-100x50.jpg\" data-anim=\"adpr:false;\">\n\t\t\t\t\t\t\t<img decoding=\"async\" src=\"\/\/rigaapartment.com\/wp-content\/plugins\/revslider\/public\/assets\/assets\/dummy.png\" alt=\"\" title=\"RIGAAPARTMENT SONADA | \u0122ertr\u016bdes iela 129, R\u012bga\" class=\"rev-slidebg tp-rs-img rs-lazyload\" data-lazyload=\"\/\/rigaapartment.com\/wp-content\/uploads\/2017\/08\/Sonada-Apartments_12.jpg\" data-parallax=\"off\" data-no-retina>\n<!---->\t\t\t\t\t\t<\/rs-slide>\n\t\t\t\t\t\t<rs-slide style=\"position: absolute;\" data-key=\"rs-713\" data-title=\"Slide\" data-thumb=\"\/\/rigaapartment.com\/wp-content\/uploads\/2017\/08\/Sonada-Apartments_11-100x50.jpg\" data-anim=\"adpr:false;\">\n\t\t\t\t\t\t\t<img decoding=\"async\" src=\"\/\/rigaapartment.com\/wp-content\/plugins\/revslider\/public\/assets\/assets\/dummy.png\" alt=\"\" title=\"RIGAAPARTMENT SONADA | \u0122ertr\u016bdes iela 129, R\u012bga\" class=\"rev-slidebg tp-rs-img rs-lazyload\" data-lazyload=\"\/\/rigaapartment.com\/wp-content\/uploads\/2017\/08\/Sonada-Apartments_11.jpg\" data-parallax=\"off\" data-no-retina>\n<!---->\t\t\t\t\t\t<\/rs-slide>\n\t\t\t\t\t\t<rs-slide style=\"position: absolute;\" data-key=\"rs-722\" data-title=\"Slide\" data-thumb=\"\/\/rigaapartment.com\/wp-content\/uploads\/2017\/08\/Sonada-Apartments_10-100x50.jpg\" data-anim=\"adpr:false;\">\n\t\t\t\t\t\t\t<img decoding=\"async\" src=\"\/\/rigaapartment.com\/wp-content\/plugins\/revslider\/public\/assets\/assets\/dummy.png\" alt=\"\" title=\"RIGAAPARTMENT SONADA | \u0122ertr\u016bdes iela 129, R\u012bga\" class=\"rev-slidebg tp-rs-img rs-lazyload\" data-lazyload=\"\/\/rigaapartment.com\/wp-content\/uploads\/2017\/08\/Sonada-Apartments_10.jpg\" data-parallax=\"off\" data-no-retina>\n<!---->\t\t\t\t\t\t<\/rs-slide>\n\t\t\t\t\t\t<rs-slide style=\"position: absolute;\" data-key=\"rs-721\" data-title=\"Slide\" data-thumb=\"\/\/rigaapartment.com\/wp-content\/uploads\/2017\/08\/Sonada-Apartments_9-100x50.jpg\" data-anim=\"adpr:false;\">\n\t\t\t\t\t\t\t<img decoding=\"async\" src=\"\/\/rigaapartment.com\/wp-content\/plugins\/revslider\/public\/assets\/assets\/dummy.png\" alt=\"\" title=\"RIGAAPARTMENT SONADA | \u0122ertr\u016bdes iela 129, R\u012bga\" class=\"rev-slidebg tp-rs-img rs-lazyload\" data-lazyload=\"\/\/rigaapartment.com\/wp-content\/uploads\/2017\/08\/Sonada-Apartments_9.jpg\" data-parallax=\"off\" data-no-retina>\n<!---->\t\t\t\t\t\t<\/rs-slide>\n\t\t\t\t\t\t<rs-slide style=\"position: absolute;\" data-key=\"rs-711\" data-title=\"Slide\" data-thumb=\"\/\/rigaapartment.com\/wp-content\/uploads\/2017\/08\/Sonada-Apartments_8-100x50.jpg\" data-anim=\"adpr:false;\">\n\t\t\t\t\t\t\t<img decoding=\"async\" src=\"\/\/rigaapartment.com\/wp-content\/plugins\/revslider\/public\/assets\/assets\/dummy.png\" alt=\"\" title=\"RIGAAPARTMENT SONADA | \u0122ertr\u016bdes iela 129, R\u012bga\" class=\"rev-slidebg tp-rs-img rs-lazyload\" data-lazyload=\"\/\/rigaapartment.com\/wp-content\/uploads\/2017\/08\/Sonada-Apartments_8.jpg\" data-parallax=\"off\" data-no-retina>\n<!---->\t\t\t\t\t\t<\/rs-slide>\n\t\t\t\t\t\t<rs-slide style=\"position: absolute;\" data-key=\"rs-712\" data-title=\"Slide\" data-thumb=\"\/\/rigaapartment.com\/wp-content\/uploads\/2017\/08\/Sonada-Apartments_7-100x50.jpg\" data-anim=\"adpr:false;\">\n\t\t\t\t\t\t\t<img decoding=\"async\" src=\"\/\/rigaapartment.com\/wp-content\/plugins\/revslider\/public\/assets\/assets\/dummy.png\" alt=\"\" title=\"RIGAAPARTMENT SONADA | \u0122ertr\u016bdes iela 129, R\u012bga\" class=\"rev-slidebg tp-rs-img rs-lazyload\" data-lazyload=\"\/\/rigaapartment.com\/wp-content\/uploads\/2017\/08\/Sonada-Apartments_7.jpg\" data-parallax=\"off\" data-no-retina>\n<!---->\t\t\t\t\t\t<\/rs-slide>\n\t\t\t\t\t\t<rs-slide style=\"position: absolute;\" data-key=\"rs-725\" data-title=\"Slide\" data-thumb=\"\/\/rigaapartment.com\/wp-content\/uploads\/2017\/08\/Sonada-Apartments_6-100x50.jpg\" data-anim=\"adpr:false;\">\n\t\t\t\t\t\t\t<img decoding=\"async\" src=\"\/\/rigaapartment.com\/wp-content\/plugins\/revslider\/public\/assets\/assets\/dummy.png\" alt=\"\" title=\"RIGAAPARTMENT SONADA | \u0122ertr\u016bdes iela 129, R\u012bga\" class=\"rev-slidebg tp-rs-img rs-lazyload\" data-lazyload=\"\/\/rigaapartment.com\/wp-content\/uploads\/2017\/08\/Sonada-Apartments_6.jpg\" data-parallax=\"off\" data-no-retina>\n<!---->\t\t\t\t\t\t<\/rs-slide>\n\t\t\t\t\t\t<rs-slide style=\"position: absolute;\" data-key=\"rs-724\" data-title=\"Slide\" data-thumb=\"\/\/rigaapartment.com\/wp-content\/uploads\/2017\/08\/Sonada-Apartments_5-100x50.jpg\" data-anim=\"adpr:false;\">\n\t\t\t\t\t\t\t<img decoding=\"async\" src=\"\/\/rigaapartment.com\/wp-content\/plugins\/revslider\/public\/assets\/assets\/dummy.png\" alt=\"\" title=\"RIGAAPARTMENT SONADA | \u0122ertr\u016bdes iela 129, R\u012bga\" class=\"rev-slidebg tp-rs-img rs-lazyload\" data-lazyload=\"\/\/rigaapartment.com\/wp-content\/uploads\/2017\/08\/Sonada-Apartments_5.jpg\" data-parallax=\"off\" data-no-retina>\n<!---->\t\t\t\t\t\t<\/rs-slide>\n\t\t\t\t\t\t<rs-slide style=\"position: absolute;\" data-key=\"rs-723\" data-title=\"Slide\" data-thumb=\"\/\/rigaapartment.com\/wp-content\/uploads\/2017\/08\/Sonada-Apartments_4-100x50.jpg\" data-anim=\"adpr:false;\">\n\t\t\t\t\t\t\t<img decoding=\"async\" src=\"\/\/rigaapartment.com\/wp-content\/plugins\/revslider\/public\/assets\/assets\/dummy.png\" alt=\"\" title=\"RIGAAPARTMENT SONADA | \u0122ertr\u016bdes iela 129, R\u012bga\" class=\"rev-slidebg tp-rs-img rs-lazyload\" data-lazyload=\"\/\/rigaapartment.com\/wp-content\/uploads\/2017\/08\/Sonada-Apartments_4.jpg\" data-parallax=\"off\" data-no-retina>\n<!---->\t\t\t\t\t\t<\/rs-slide>\n\t\t\t\t\t\t<rs-slide style=\"position: absolute;\" data-key=\"rs-726\" data-title=\"Slide\" data-thumb=\"\/\/rigaapartment.com\/wp-content\/uploads\/2017\/08\/Sonada-Apartments_3-100x50.jpg\" data-anim=\"adpr:false;\">\n\t\t\t\t\t\t\t<img decoding=\"async\" src=\"\/\/rigaapartment.com\/wp-content\/plugins\/revslider\/public\/assets\/assets\/dummy.png\" alt=\"\" title=\"RIGAAPARTMENT SONADA | \u0122ertr\u016bdes iela 129, R\u012bga\" class=\"rev-slidebg tp-rs-img rs-lazyload\" data-lazyload=\"\/\/rigaapartment.com\/wp-content\/uploads\/2017\/08\/Sonada-Apartments_3.jpg\" data-parallax=\"off\" data-no-retina>\n<!---->\t\t\t\t\t\t<\/rs-slide>\n\t\t\t\t\t\t<rs-slide style=\"position: absolute;\" data-key=\"rs-727\" data-title=\"Slide\" data-thumb=\"\/\/rigaapartment.com\/wp-content\/uploads\/2017\/08\/Sonada-Apartments_2-100x50.jpg\" data-anim=\"adpr:false;\">\n\t\t\t\t\t\t\t<img decoding=\"async\" src=\"\/\/rigaapartment.com\/wp-content\/plugins\/revslider\/public\/assets\/assets\/dummy.png\" alt=\"\" title=\"RIGAAPARTMENT SONADA | \u0122ertr\u016bdes iela 129, R\u012bga\" class=\"rev-slidebg tp-rs-img rs-lazyload\" data-lazyload=\"\/\/rigaapartment.com\/wp-content\/uploads\/2017\/08\/Sonada-Apartments_2.jpg\" data-parallax=\"off\" data-no-retina>\n<!---->\t\t\t\t\t\t<\/rs-slide>\n\t\t\t\t\t\t<rs-slide style=\"position: absolute;\" data-key=\"rs-728\" data-title=\"Slide\" data-thumb=\"\/\/rigaapartment.com\/wp-content\/uploads\/2017\/08\/Sonada-Apartments_1-100x50.jpg\" data-anim=\"adpr:false;\">\n\t\t\t\t\t\t\t<img decoding=\"async\" src=\"\/\/rigaapartment.com\/wp-content\/plugins\/revslider\/public\/assets\/assets\/dummy.png\" alt=\"\" title=\"RIGAAPARTMENT SONADA | \u0122ertr\u016bdes iela 129, R\u012bga\" class=\"rev-slidebg tp-rs-img rs-lazyload\" data-lazyload=\"\/\/rigaapartment.com\/wp-content\/uploads\/2017\/08\/Sonada-Apartments_1.jpg\" data-parallax=\"off\" data-no-retina>\n<!---->\t\t\t\t\t\t<\/rs-slide>\n\t\t\t\t\t\t<rs-slide style=\"position: absolute;\" data-key=\"rs-892\" data-title=\"Slide\" data-thumb=\"\/\/rigaapartment.com\/wp-content\/uploads\/2019\/08\/Sonada_hotel_exterior_02-100x50.jpg\" data-anim=\"adpr:false;\">\n\t\t\t\t\t\t\t<img decoding=\"async\" src=\"\/\/rigaapartment.com\/wp-content\/plugins\/revslider\/public\/assets\/assets\/dummy.png\" alt=\"\" title=\"RIGAAPARTMENT SONADA | \u0122ertr\u016bdes iela 129, R\u012bga\" class=\"rev-slidebg tp-rs-img rs-lazyload\" data-lazyload=\"\/\/rigaapartment.com\/wp-content\/uploads\/2019\/08\/Sonada_hotel_exterior_02.jpg\" data-parallax=\"off\" data-no-retina>\n<!---->\t\t\t\t\t\t<\/rs-slide>\n\t\t\t\t\t\t<rs-slide style=\"position: absolute;\" data-key=\"rs-893\" data-title=\"Slide\" data-thumb=\"\/\/rigaapartment.com\/wp-content\/uploads\/2019\/08\/Sonada_hotel_exterior_03-100x50.jpg\" data-anim=\"adpr:false;\">\n\t\t\t\t\t\t\t<img decoding=\"async\" src=\"\/\/rigaapartment.com\/wp-content\/plugins\/revslider\/public\/assets\/assets\/dummy.png\" alt=\"\" title=\"RIGAAPARTMENT SONADA | \u0122ertr\u016bdes iela 129, R\u012bga\" class=\"rev-slidebg tp-rs-img rs-lazyload\" data-lazyload=\"\/\/rigaapartment.com\/wp-content\/uploads\/2019\/08\/Sonada_hotel_exterior_03.jpg\" data-parallax=\"off\" data-no-retina>\n<!---->\t\t\t\t\t\t<\/rs-slide>\n\t\t\t\t\t\t<rs-slide style=\"position: absolute;\" data-key=\"rs-895\" data-title=\"Slide\" data-thumb=\"\/\/rigaapartment.com\/wp-content\/uploads\/2019\/08\/Sonada_hotel_exterior_04-100x50.jpg\" data-anim=\"adpr:false;\">\n\t\t\t\t\t\t\t<img decoding=\"async\" src=\"\/\/rigaapartment.com\/wp-content\/plugins\/revslider\/public\/assets\/assets\/dummy.png\" alt=\"\" title=\"RIGAAPARTMENT SONADA | \u0122ertr\u016bdes iela 129, R\u012bga\" class=\"rev-slidebg tp-rs-img rs-lazyload\" data-lazyload=\"\/\/rigaapartment.com\/wp-content\/uploads\/2019\/08\/Sonada_hotel_exterior_04.jpg\" data-parallax=\"off\" data-no-retina>\n<!---->\t\t\t\t\t\t<\/rs-slide>\n\t\t\t\t\t\t<rs-slide style=\"position: absolute;\" data-key=\"rs-894\" data-title=\"Slide\" data-thumb=\"\/\/rigaapartment.com\/wp-content\/uploads\/2019\/08\/Sonada_hotel_exterior_05-100x50.jpg\" data-anim=\"adpr:false;\">\n\t\t\t\t\t\t\t<img decoding=\"async\" src=\"\/\/rigaapartment.com\/wp-content\/plugins\/revslider\/public\/assets\/assets\/dummy.png\" alt=\"\" title=\"RIGAAPARTMENT SONADA | \u0122ertr\u016bdes iela 129, R\u012bga\" class=\"rev-slidebg tp-rs-img rs-lazyload\" data-lazyload=\"\/\/rigaapartment.com\/wp-content\/uploads\/2019\/08\/Sonada_hotel_exterior_05.jpg\" data-parallax=\"off\" data-no-retina>\n<!---->\t\t\t\t\t\t<\/rs-slide>\n\t\t\t\t\t<\/rs-slides>\n\t\t\t\t<\/rs-module>\n\t\t\t\t<script>\n\t\t\t\t\tsetREVStartSize({c: 'rev_slider_63_1',rl:[1240,1024,778,480],el:[],gw:[1240,1024,778,480],gh:[600,600,500,400],type:'standard',justify:'',layout:'fullwidth',mh:\"0\"});if (window.RS_MODULES!==undefined && window.RS_MODULES.modules!==undefined && window.RS_MODULES.modules[\"revslider631\"]!==undefined) {window.RS_MODULES.modules[\"revslider631\"].once = false;window.revapi63 = undefined;if (window.RS_MODULES.checkMinimal!==undefined) window.RS_MODULES.checkMinimal()}\n\t\t\t\t<\/script>\n\t\t\t<\/rs-module-wrap>\n\t\t\t<!-- END REVOLUTION SLIDER -->\n\r\n<\/div>\r\n<div class=\"row\">\r\n\t<div class=\"col-xs-12 col-sm-12\">\r\n\t\t<h3 class=\"service-title\">Viesn\u012bcas Eksterjers<\/h3>\r\n\t\t<p>\r\n\t\t\t<a href=\"https:\/\/hotels.cloudbeds.com\/en\/reservation\/Ll8XB5\" target=\"_blank\" class=\"service-btn\" rel=\"noopener\"> <span>P\u0101rbaud\u012bt cenas un rezerv\u0113t<\/span> <\/a>\r\n\t\t<\/p>\r\n\t\t<p>Rakstiet mums: <a href=\"mailto:reservation@rigaapartment.com\">reservation@rigaapartment.com<\/a><\/p>\r\n\t<\/div>\r\n<\/div>","protected":false},"excerpt":{"rendered":"Viesn\u012bcas Eksterjers P\u0101rbaud\u012bt cenas un rezerv\u0113t Rakstiet mums: reservation@rigaapartment.com","protected":false},"author":1,"featured_media":0,"parent":0,"menu_order":68,"comment_status":"closed","ping_status":"closed","template":"","meta":{"_acf_changed":false,"footnotes":""},"acf":[],"_links":{"self":[{"href":"https:\/\/rigaapartment.com\/lv\/wp-json\/wp\/v2\/pages\/6314"}],"collection":[{"href":"https:\/\/rigaapartment.com\/lv\/wp-json\/wp\/v2\/pages"}],"about":[{"href":"https:\/\/rigaapartment.com\/lv\/wp-json\/wp\/v2\/types\/page"}],"author":[{"embeddable":true,"href":"https:\/\/rigaapartment.com\/lv\/wp-json\/wp\/v2\/users\/1"}],"replies":[{"embeddable":true,"href":"https:\/\/rigaapartment.com\/lv\/wp-json\/wp\/v2\/comments?post=6314"}],"version-history":[{"count":7,"href":"https:\/\/rigaapartment.com\/lv\/wp-json\/wp\/v2\/pages\/6314\/revisions"}],"predecessor-version":[{"id":10673,"href":"https:\/\/rigaapartment.com\/lv\/wp-json\/wp\/v2\/pages\/6314\/revisions\/10673"}],"wp:attachment":[{"href":"https:\/\/rigaapartment.com\/lv\/wp-json\/wp\/v2\/media?parent=6314"}],"curies":[{"name":"wp","href":"https:\/\/api.w.org\/{rel}","templated":true}]}}