{"id":1860,"date":"2017-01-27T13:28:31","date_gmt":"2017-01-27T13:28:31","guid":{"rendered":"https:\/\/rigaapartment.com\/gertruda-apartments-2\/"},"modified":"2024-03-11T20:48:51","modified_gmt":"2024-03-11T20:48:51","slug":"elizabetes-apartmenti-lv","status":"publish","type":"page","link":"https:\/\/rigaapartment.com\/lv\/elizabetes-apartmenti-lv\/","title":{"rendered":"RIGAAPARTMENT ELIZABETES APARTMENTI"},"content":{"rendered":"<div class=\"container\">\r\n\t<div id=\"accordion\" class=\"panel-group\">\r\n\t\t<div class=\"panel panel-default\">\r\n\t\t\t<div class=\"panel-heading\">\r\n\t\t\t\t<h4 class=\"panel-title\"><a href=\"#collapse1\" data-toggle=\"collapse\" data-parent=\"#accordion\">DIENAS \u012aRE APARTAMENTIEM R\u012aGAS CENTR\u0100<\/a><\/h4> <\/div>\r\n\t\t\t<div id=\"collapse1\" class=\"panel-collapse collapse in\">\r\n\t\t\t\t<div class=\"panel-body\">\r\n\t\t\t\t\t<p>Liel\u0101kais pils\u0113tas Baltijas re\u0123ion\u0101, R\u012bga ar lepnumu piesauc sev p\u0113rles titulu \u0161aj\u0101 apkaim\u0113. T\u0101s vecums p\u0101rsniedz 800 gadus, un pils\u0113tas v\u0113sturisk\u0101s ielas ir saglab\u0101ju\u0161as daudzus arhitekt\u016bras pieminek\u013cus. \u0160eit iegrie\u017eas t\u016bristi, studenti, biznesa cilv\u0113ki un citi viesi. Liel\u0101koties vi\u0146i ierodas uz \u012bsu laiku \u2014 lai pabeigtu dar\u012bjumus, apskat\u012btu visus interesantos apskates objektus un atgrieztos m\u0101j\u0101s vai turpin\u0101tu ce\u013cojumu Eirop\u0101. \u0160aj\u0101 gad\u012bjum\u0101 viena no popul\u0101r\u0101kaj\u0101m naktsm\u012btnes iesp\u0113j\u0101m R\u012bg\u0101 ir apartamentu ikdienas \u012bre.<\/p>\r\n\t\t\t\t\t<p>Ja ar\u012b j\u016bs pl\u0101nojat p\u0101ris dienas pavad\u012bt R\u012bg\u0101 un v\u0113laties iznom\u0101t apartamentus l\u0113ti ikdienas \u012brei, palieciet RIGAAPARTMENT ELIZABETES! Tas ir \u0113rts un pieejams nak\u0161\u0146o\u0161anas risin\u0101jums pils\u0113tas centr\u0101.<\/p>\r\n\t\t\t\t<\/div>\r\n\t\t\t<\/div>\r\n\t\t<\/div>\r\n\t\t<div class=\"panel panel-default\">\r\n\t\t\t<div class=\"panel-heading\">\r\n\t\t\t\t<h4 class=\"panel-title\"><a href=\"#collapse2\" data-toggle=\"collapse\" data-parent=\"#accordion\">KUR ATRODAS RIGAAPARTMENT ELIZABETES?<\/a><\/h4> <\/div>\r\n\t\t\t<div id=\"collapse2\" class=\"panel-collapse collapse\">\r\n\t\t\t\t<div class=\"panel-body\">\r\n\t\t\t\t\t<p>M\u016bsu apartamentu viesn\u012bca ar ikdienas apartamentu \u012bri atrodas v\u0113sturisk\u0101 \u0113k\u0101 Elizabetes iel\u0101 R\u012bgas centr\u0101.<\/p>\r\n\r\n<p>RIGAAPARTMENT ELIZABETES apartamentu viesn\u012bcas \u0113ka tiek uzskat\u012bta ar\u012b par arhitekt\u016bras pieminekli. T\u0101 tika b\u016bv\u0113ta agr\u0101 20. gadsimt\u0101, un p\u0113d\u0113jo simtu gadu laik\u0101 taj\u0101 ir dz\u012bvoju\u0161i daudzi slaveni iedz\u012bvot\u0101ji. Apartamenti ir piedz\u012bvoju\u0161i dizaina renov\u0101ciju, bet v\u0113sturisk\u0101s \u0113kas priek\u0161roc\u012bbas ir saglab\u0101tas.\r\n<\/p>\r\n\t\t\t\t\t<p>Pievilc\u012bgas cenas nav vien\u012bgais iemesls, k\u0101p\u0113c klienti atkal un atkal iznom\u0101 apartamentus ikdienas \u012brei RIGAAPARTMENT ELIZABETES. Eiropas galvaspils\u0113tas \u0113rt\u0101 atra\u0161an\u0101s vieta ir tikpat svar\u012bga. Tuvoj\u0101s atrad\u012bsiet:<\/p>\r\n\t\t\t\t\t<ul>\r\n\t\t\t\t\t\t<li>Biznesa centrus biznesa veik\u0161anai; <\/li>\r\n\t\t\t\t\t\t<li>Konditorejas un nelielus restor\u0101nus atp\u016btai;<\/li>\r\n\t\t\t\t\t\t<li>Iepirkumu centrus, priv\u0101tus veikalus un darbn\u012bcas, kur ieg\u0101d\u0101ties visu nepiecie\u0161amo; <\/li>\r\n\t\t\t\t\t\t<li>Kazino un nakts klubus izklaidei.<\/li>\r\n\t\t\t\t\t<\/ul>\r\n\t\t\t\t\t<p>15 min\u016b\u0161u g\u0101jien\u0101 j\u016bs non\u0101ksiet Vecr\u012bg\u0101, kur atrodas galven\u0101s R\u012bgas apskates vietas. Noteikti v\u0113rts apmekl\u0113t ar\u012b Centr\u0101ltirgu, kur varat ieg\u0101d\u0101ties gar\u0161\u012bgus produktus un suven\u012brus. Ja pl\u0101nojat ce\u013cot pa Latviju vai uz cit\u0101m Eiropas valst\u012bm, nov\u0113rt\u0113sit tuvumu dzelzce\u013ca stacijai, kas atrodas tikai 5 min\u016b\u0161u pastaigas att\u0101lum\u0101. Blakus ir autobusu stacija, un lidosta atrodas tikai 20 min\u016b\u0161u brauciena att\u0101lum\u0101. Nav nepiecie\u0161ams t\u0113r\u0113t daudz laika ce\u013cojumam, kas ir \u012bpa\u0161i svar\u012bgi, iznom\u0101jot apartamentus ikdienas \u012brei, jo v\u0113laties izbaud\u012bt katru dienu maksim\u0101li.<\/p>\r\n\t\t\t\t<\/div>\r\n\t\t\t<\/div>\r\n\t\t<\/div>\r\n\t\t<div class=\"panel panel-default\">\r\n\t\t\t<div class=\"panel-heading\">\r\n\t\t\t\t<h4 class=\"panel-title\"><a href=\"#collapse3\" data-toggle=\"collapse\" data-parent=\"#accordion\">J\u016aS IZBAUD\u0100T APARTAMENTUS APARTHOTEL\u012a RIGAAPARTMENT ELIZABETES!<\/a><\/h4> <\/div>\r\n\t\t\t<div id=\"collapse3\" class=\"panel-collapse collapse\">\r\n\t\t\t\t<div class=\"panel-body\">\r\n\t\t\t\t\t<p>RIGAAPARTMENT ELIZABETES ar savu ikdienas apartamentu \u012bri apvieno viesn\u012bcu un priv\u0101to apartamentu priek\u0161roc\u012bbas. J\u016bs sa\u0146emat garant\u0113tu naktsm\u012btni R\u012bg\u0101, pievilc\u012bgu cenu un papildu pakalpojumus, piel\u0101gotus j\u016bsu vajadz\u012bb\u0101m. Pie mums varat izv\u0113l\u0113ties da\u017e\u0101du izm\u0113ru apartamentus \u2014 no maziem studijas apartamentiem l\u012bdz \u0122imenes Apartamentiem. Tie ir pla\u0161i un gai\u0161i telpas ar augstiem griestiem un modernu interjeru.<\/p>\r\n\t\t\t\t\t<p>Neskatoties uz izv\u0113li, \u012br\u0113tajos apartamentos j\u016bs atrad\u012bsiet visu nepiecie\u0161amo komfortablai uztur\u0113\u0161anai: <\/p>\r\n\t\t\t\t\t<ul>\r\n\t\t\t\t\t\t<li>Apr\u012bkotu virtuvi un vannas istabu;<\/li>\r\n\t\t\t\t\t\t<li>\u0112rtas gultas un m\u012bkstu m\u0113be\u013cu komplektu;<\/li>\r\n\t\t\t\t\t\t<li>Bezmaksas NETFLIX un Wi-Fi;<\/li>\r\n\t\t\t\t\t\t<li>Ve\u013cas ma\u0161\u012bnu un gludin\u0101mo d\u0113li<\/li>\r\n\t\t\t\t\t\t<li>Skapi ar dr\u0113bju pakaramajiem<\/li>\r\n\t\t\t\t\t\t<li>Gultas ve\u013cu un dvie\u013cus<\/li>\r\n\t\t\t\t\t<\/ul>\r\n\t\t\t\t\t<p>Ja nev\u0113laties gatavot, jebkur\u0101 laik\u0101 varat baud\u012bt gar\u0161\u012bgas malt\u012btes m\u0101kslas restor\u0101n\u0101 ENTRESOLE, kas atrodas apartamentu viesn\u012bcas \u0113k\u0101, vai vair\u0101k\u0101s kafejn\u012bc\u0101s tuv\u0113j\u0101 iepirkumu centr\u0101 ORIGO. Doties pie m\u0101jas gatavotiem \u0113dieniem? Inform\u0113jiet m\u016bs, un m\u0113s uzpild\u012bsim j\u016bsu rezerv\u0113to apartamentu ar svaigiem un daudzveid\u012bgiem produktiem. M\u0113s garant\u0113jam augstu servisa l\u012bmeni un priec\u0101jamies pied\u0101v\u0101t citas papildu pakalpojumu iesp\u0113jas:<\/p>\r\n\t\t\t\t\t<ul>\r\n\t\t\t\t\t\t<li>P\u0101rvad\u0101jumi un taksometru rezerv\u0113\u0161ana;<\/li>\r\n\t\t\t\t\t\t<li>Automa\u0161\u012bnu un velosip\u0113du noma;<\/li>\r\n\t\t\t\t\t\t<li>Jaunlaul\u0101to apartamentu iek\u0101rto\u0161ana;<\/li>\r\n\t\t\t\t\t\t<li>Pieejama mini-b\u0101ra un produktu pieg\u0101de.<\/li>\r\n\t\t\t\t\t<\/ul>\r\n\t\t\t\t\t<p>Ikdienu pavad\u012bt R\u012bg\u0101, \u012br\u0113jot apartamentus RIGAAPARTMENT ELIZABETES, ir iesp\u0113ja \u0113rti uztur\u0113ties R\u012bg\u0101 un baud\u012bt v\u0113sturisk\u0101s pils\u0113tas atmosf\u0113ru.<\/p>\r\n\t\t\t\t<\/div>\r\n\t\t\t<\/div>\r\n\t\t<\/div>\r\n\t<\/div>\r\n<\/div>","protected":false},"excerpt":{"rendered":"DIENAS \u012aRE APARTAMENTIEM R\u012aGAS CENTR\u0100 Liel\u0101kais pils\u0113tas Baltijas re\u0123ion\u0101, R\u012bga ar lepnumu piesauc sev p\u0113rles titulu \u0161aj\u0101 apkaim\u0113. T\u0101s vecums p\u0101rsniedz 800 gadus, un pils\u0113tas v\u0113sturisk\u0101s ielas ir saglab\u0101ju\u0161as daudzus arhitekt\u016bras pieminek\u013cus. \u0160eit iegrie\u017eas t\u016bristi, studenti, biznesa cilv\u0113ki un citi viesi. Liel\u0101koties vi\u0146i ierodas uz \u012bsu laiku \u2014 lai pabeigtu dar\u012bjumus, apskat\u012btu visus interesantos apskates [&hellip;]","protected":false},"author":1,"featured_media":0,"parent":0,"menu_order":65,"comment_status":"closed","ping_status":"closed","template":"page-template-category.php","meta":{"_acf_changed":false,"footnotes":""},"acf":[],"_links":{"self":[{"href":"https:\/\/rigaapartment.com\/lv\/wp-json\/wp\/v2\/pages\/1860"}],"collection":[{"href":"https:\/\/rigaapartment.com\/lv\/wp-json\/wp\/v2\/pages"}],"about":[{"href":"https:\/\/rigaapartment.com\/lv\/wp-json\/wp\/v2\/types\/page"}],"author":[{"embeddable":true,"href":"https:\/\/rigaapartment.com\/lv\/wp-json\/wp\/v2\/users\/1"}],"replies":[{"embeddable":true,"href":"https:\/\/rigaapartment.com\/lv\/wp-json\/wp\/v2\/comments?post=1860"}],"version-history":[{"count":35,"href":"https:\/\/rigaapartment.com\/lv\/wp-json\/wp\/v2\/pages\/1860\/revisions"}],"predecessor-version":[{"id":11434,"href":"https:\/\/rigaapartment.com\/lv\/wp-json\/wp\/v2\/pages\/1860\/revisions\/11434"}],"wp:attachment":[{"href":"https:\/\/rigaapartment.com\/lv\/wp-json\/wp\/v2\/media?parent=1860"}],"curies":[{"name":"wp","href":"https:\/\/api.w.org\/{rel}","templated":true}]}}