{"id":1831,"date":"2017-01-27T11:01:23","date_gmt":"2017-01-27T11:01:23","guid":{"rendered":"https:\/\/rigaapartment.com\/noderigi\/"},"modified":"2024-01-28T20:11:42","modified_gmt":"2024-01-28T20:11:42","slug":"noderigi","status":"publish","type":"page","link":"https:\/\/rigaapartment.com\/lv\/noderigi\/","title":{"rendered":"Ko dar\u012bt R\u012bg\u0101"},"content":{"rendered":"<div class=\"row\">\r\n\t<div class=\"col-xs-12 col-sm-3\">\r\n\t\t<a href=\"http:\/\/saraksti.rigassatiksme.lv\/index.html#riga\/en\" target=\"_blank\" rel=\"noopener\"><img decoding=\"async\" src=\"\/wp-content\/uploads\/2016\/08\/tram.jpg\" alt=\"\/wp-content\/uploads\/2016\/08\/tram.jpg\"><\/a>\r\n\t\t<h3 style=\"text-align: center;\">Sabiedriskais transports<\/h3>\r\n\t\t<p style=\"text-align: justify;\">Ieskatieties &#8220;R\u012bgas Satiksme&#8221; t\u012bmek\u013ca vietn\u0113 \u2013 taj\u0101 ir visa aktu\u0101l\u0101 inform\u0101cija par sabiedrisk\u0101 transporta mar\u0161rutiem un atie\u0161anas laikiem.<\/p>\r\n\t\t<a href=\"http:\/\/saraksti.rigassatiksme.lv\/index.html#riga\/en\" target=\"_blank\" class=\"service-btn\" rel=\"noopener\"> <span>pla\u0161\u0101ka inform\u0101cija<\/span><\/a>\r\n\t<\/div>\r\n\t<div class=\"col-xs-12 col-sm-3\">\r\n\t\t<a href=\"http:\/\/www.autoosta.lv\/?lang=en\" target=\"_blank\" rel=\"noopener\"><img decoding=\"async\" src=\"\/wp-content\/uploads\/2016\/08\/bus.jpg\" alt=\"\/wp-content\/uploads\/2016\/08\/bus.jpg\"><\/a>\r\n\t\t<h3 style=\"text-align: center;\">T\u0101lsatiksmes autobusi<\/h3>\r\n\t\t<p style=\"text-align: justify;\">Ieg\u0101d\u0101jieties autobusu bi\u013cetes R\u012bgas Starptautisk\u0101s autoostas bi\u013ce\u0161u kas\u0113s un ce\u013cojiet uz gandr\u012bz jebkuru Latvijas pils\u0113tu.<\/p>\r\n\t\t<a href=\"http:\/\/www.autoosta.lv\/?lang=en\" target=\"_blank\" class=\"service-btn\" rel=\"noopener\"> <span>pla\u0161\u0101ka inform\u0101cija<\/span><\/a>\r\n\t<\/div>\r\n\t<div class=\"col-xs-12 col-sm-3\">\r\n\t\t<a href=\"http:\/\/www.ldz.lv\/en\" target=\"_blank\" rel=\"noopener\"><img decoding=\"async\" src=\"\/wp-content\/uploads\/2016\/08\/train.jpg\" alt=\"\/wp-content\/uploads\/2016\/08\/train.jpg\"><\/a>\r\n\t\t<h3 style=\"text-align: center;\">Vilcieni<\/h3>\r\n\t\t<p style=\"text-align: justify;\">\u013boti \u0113rts veids, k\u0101 apce\u013cot Latviju. Apskatiet starptautisko vilcienu sarakstu un ieg\u0101d\u0101jieties bi\u013cetes tie\u0161saist\u0113.<\/p>\r\n\t\t<a href=\"https:\/\/www.pv.lv\/lv\/\" target=\"_blank\" class=\"service-btn\" rel=\"noopener\"> <span>pla\u0161\u0101ka inform\u0101cija<\/span><\/a>\r\n\t<\/div>\r\n\t<div class=\"col-xs-12 col-sm-3\">\r\n\t\t<a href=\"http:\/\/www.riga-airport.com\/en\" target=\"_blank\" rel=\"noopener\"><img decoding=\"async\" src=\"\/wp-content\/uploads\/2016\/08\/plain.jpg\" alt=\"\/wp-content\/uploads\/2016\/08\/plain.jpg\"><\/a>\r\n\t\t<h3 style=\"text-align: center;\">Lidosta R\u012bga (RIX)<\/h3>\r\n\t\t<p style=\"text-align: justify;\"><span class=\"s1\">Starptautisk\u0101 lidosta &#8220;R\u012bga&#8221; ir liel\u0101kais starptautiskais avi\u0101cijas uz\u0146\u0113mums Baltij\u0101, k\u0101 ar\u012b galvenais gaisa satiksmes centrs.<\/span><\/p>\r\n\t\t<a href=\"http:\/\/www.riga-airport.com\/en\" target=\"_blank\" class=\"service-btn\" rel=\"noopener\"> <span>pla\u0161\u0101ka inform\u0101cija<\/span><\/a>\r\n\t<\/div>\r\n<\/div>\r\n<div class=\"row\">\r\n\t<div class=\"col-xs-12 col-sm-3\">\r\n\t\t<a href=\"http:\/\/www.latvia.travel\/en\/page\/eat-drink\" target=\"_blank\" rel=\"noopener\"><img decoding=\"async\" src=\"\/wp-content\/uploads\/2016\/08\/cuisine.jpg\" alt=\"\/wp-content\/uploads\/2016\/08\/cuisine.jpg\"><\/a>\r\n\t\t<h3 style=\"text-align: center;\">Latvie\u0161u virtuve<\/h3>\r\n\t\t<p style=\"text-align: justify;\">Apmekl\u0113jot Latviju, ce\u013cot\u0101ji var b\u016bt piln\u012bgi dro\u0161i, ka tiks pasniegts gar\u0161\u012bgs, vesel\u012bgs un daudzveid\u012bgs \u0113diens.<\/p>\r\n\t\t<a href=\"https:\/\/www.latvia.travel\/lv\/izgarso-latviju\" target=\"_blank\" class=\"service-btn\" rel=\"noopener\"> <span>pla\u0161\u0101ka inform\u0101cija<\/span><\/a>\r\n\t<\/div>\r\n\t<div class=\"col-xs-12 col-sm-3\">\r\n\t\t<a href=\"http:\/\/www.latvia.travel\/en\/article\/history-and-culture\" target=\"_blank\" rel=\"noopener\"><img decoding=\"async\" src=\"\/wp-content\/uploads\/2016\/08\/history-culture.jpg\" alt=\"\/wp-content\/uploads\/2016\/08\/history-culture.jpg\"><\/a>\r\n\t\t<h3 style=\"text-align: center;\">V\u0113sture un kult\u016bra<\/h3>\r\n\t\t<p style=\"text-align: justify;\">Latvijas v\u0113sture un kult\u016bra ir iev\u0113rojama t\u0101s liel\u0101s daudzveid\u012bbas d\u0113\u013c, bet vienlaikus ar\u012b ar savu ori\u0123inalit\u0101ti un unikalit\u0101ti.<\/p>\r\n\t\t<a href=\"https:\/\/www.latvia.travel\/lv\/kultura\" target=\"_blank\" class=\"service-btn\" rel=\"noopener\"> <span>pla\u0161\u0101ka inform\u0101cija<\/span><\/a>\r\n\t<\/div>\r\n\t<div class=\"col-xs-12 col-sm-3\">\r\n\t\t<a href=\"https:\/\/www.likealocalguide.com\/riga\" target=\"_blank\" rel=\"noopener\"><img decoding=\"async\" src=\"\/wp-content\/uploads\/2017\/01\/like_a_local.jpg\" alt=\"\/wp-content\/uploads\/2017\/01\/like_a_local.jpg\"><\/a>\r\n\t\t<h3 style=\"text-align: center;\">R\u012bgas pils\u0113tas ce\u013cvedis<\/h3>\r\n\t\t<p style=\"text-align: center;\">225 padomi un 31 ekskursija, ko iesaka 66 viet\u0113jie iedz\u012bvot\u0101ji\r\n\t\t\t<br\/>Restaurants, cafes, bars &#038; shops to visit.<\/p>\r\n\t\t<a href=\"https:\/\/www.likealocalguide.com\/riga\" target=\"_blank\" class=\"service-btn\" rel=\"noopener\"> <span>pla\u0161\u0101ka inform\u0101cija<\/span><\/a>\r\n\t<\/div>\r\n\t<div class=\"col-xs-12 col-sm-3\">\r\n\t\t<a href=\"http:\/\/www.latvia.travel\/en\/page\/whats-latvia\" target=\"_blank\" rel=\"noopener\"><img decoding=\"async\" src=\"\/wp-content\/uploads\/2016\/08\/events.jpg\" alt=\"\/wp-content\/uploads\/2016\/08\/events.jpg\"><\/a>\r\n\t\t<h3 style=\"text-align: center;\">Notikumi Latvij\u0101<\/h3>\r\n\t\t<p style=\"text-align: justify;\">Kas notiek Latvij\u0101? \u0160aj\u0101 sada\u013c\u0101 sniegta inform\u0101cija par notikumiem un pas\u0101kumiem, kas notiek Latvij\u0101.<\/p>\r\n\t\t<a href=\"https:\/\/www.latvia.travel\/lv\/kultura-riga\" target=\"_blank\" class=\"service-btn\" rel=\"noopener\"> <span>pla\u0161\u0101ka inform\u0101cija<\/span><\/a>\r\n\t<\/div>\r\n<\/div>\r\n<div class=\"row\">\r\n\t<div class=\"col-xs-12 col-sm-3\">\r\n\t\t<a href=\"http:\/\/www.latvia.travel\/en\/article\/ecotourism\" target=\"_blank\" rel=\"noopener\"><img decoding=\"async\" src=\"\/wp-content\/uploads\/2016\/12\/photo_with-kids.jpeg\" alt=\"\/wp-content\/uploads\/2016\/11\/photo_with-kids.jpeg\"><\/a>\r\n\t\t<h3 style=\"text-align: center;\">Kop\u0101 ar b\u0113rniem<\/h3>\r\n\t\t<p style=\"text-align: justify;\">Zin\u0101tk\u0101re ir atsl\u0113ga uz zin\u0101\u0161an\u0101m. Zin\u0101\u0161anas izskaidro br\u012bnumus.<\/p>\r\n\t\t<a href=\"https:\/\/www.latvia.travel\/lv\/gimenem-ar-berniem\" target=\"_blank\" class=\"service-btn\" rel=\"noopener\"> <span>pla\u0161\u0101ka inform\u0101cija<\/span><\/a>\r\n\t<\/div>\r\n\t<div class=\"col-xs-12 col-sm-3\">\r\n\t\t<a href=\"http:\/\/www.forumcinemas.lv\/eng\/\" target=\"_blank\" rel=\"noopener\"><img decoding=\"async\" src=\"\/wp-content\/uploads\/2016\/08\/cinema.jpg\" alt=\"\/wp-content\/uploads\/2016\/08\/cinema.jpg\"><\/a>\r\n\t\t<h3 style=\"text-align: center;\">Kino<\/h3>\r\n\t\t<p style=\"text-align: justify;\">Latvij\u0101 ir atjaunin\u0101ti kinote\u0101tri, kuros ir pasaules l\u012bme\u0146a ska\u0146as sist\u0113mas.<\/p>\r\n\t\t<a href=\"http:\/\/www.forumcinemas.lv\/eng\/\" target=\"_blank\" class=\"service-btn\" rel=\"noopener\"> <span>pla\u0161\u0101ka inform\u0101cija<\/span><\/a>\r\n\t<\/div>\r\n\t<div class=\"col-xs-12 col-sm-3\">\r\n\t\t<a href=\"http:\/\/www.latvia.travel\/en\/sight\/latvian-national-opera-and-ballet\" target=\"_blank\" rel=\"noopener\"><img decoding=\"async\" src=\"\/wp-content\/uploads\/2016\/08\/opera.jpg\" alt=\"\/wp-content\/uploads\/2016\/08\/opera.jpg\"><\/a>\r\n\t\t<h3 style=\"text-align: center;\">Opera un te\u0101tri<\/h3>\r\n\t\t<p style=\"text-align: justify;\">Latvij\u0101 ir bag\u0101t\u012bga kult\u016bras dz\u012bve, t\u0101 patiesi var lepoties ar skatuves m\u0101kslas augsto l\u012bmeni.<\/p>\r\n\t\t<a href=\"http:\/\/www.latvia.travel\/en\/sight\/latvian-national-opera-and-ballet\" target=\"_blank\" class=\"service-btn\" rel=\"noopener\"> <span>pla\u0161\u0101ka inform\u0101cija<\/span><\/a>\r\n\t<\/div>\r\n\t<div class=\"col-xs-12 col-sm-3\">\r\n\t\t<a href=\"http:\/\/www.latvia.travel\/en\/article\/nightlife-riga\" target=\"_blank\" rel=\"noopener\"><img decoding=\"async\" src=\"\/wp-content\/uploads\/2016\/08\/night-life.jpg\" alt=\"\/wp-content\/uploads\/2016\/08\/night-life.jpg\"><\/a>\r\n\t\t<h3 style=\"text-align: center;\">Nakts dz\u012bve<\/h3>\r\n\t\t<p style=\"text-align: justify;\">R\u012bgas naktsdz\u012bve peln\u012bti tiek uzskat\u012bta par lab\u0101ko Austrumeirop\u0101.<\/p>\r\n\t\t<a href=\"https:\/\/www.latvia.travel\/lv\/naktsdzive-klubi-un-bari-riga\" target=\"_blank\" class=\"service-btn\" rel=\"noopener\"> <span>pla\u0161\u0101ka inform\u0101cija<\/span><\/a>\r\n\t<\/div>\r\n<\/div>\r\n<div class=\"row\">\r\n\t<div class=\"col-xs-12 col-sm-3\">\r\n\t\t<a href=\"http:\/\/www.latvia.travel\/en\/article\/history-and-culture\" target=\"_blank\" rel=\"noopener\"><img decoding=\"async\" src=\"\/wp-content\/uploads\/2016\/08\/jurmala.jpg\" alt=\"\/wp-content\/uploads\/2016\/08\/jurmala.jpg\"><\/a>\r\n\t\t<h3 style=\"text-align: center;\">J\u016brmala<\/h3>\r\n\t\t<p style=\"text-align: justify;\">J\u016brmala ir pils\u0113ta, kas stiepjas gar 33 km garum\u0101 gar j\u016bras krastu un taj\u0101 ir modernas relaks\u0101cijas iesp\u0113jas un k\u016brorti.<\/p>\r\n\t\t<a href=\"https:\/\/www.jurmala.lv\/lv\" target=\"_blank\" class=\"service-btn\" rel=\"noopener\"> <span>pla\u0161\u0101ka inform\u0101cija<\/span><\/a>\r\n\t<\/div>\r\n\t<div class=\"col-xs-12 col-sm-3\">\r\n\t\t<a href=\"http:\/\/www.elisangespa.lv\/\" target=\"_blank\" rel=\"noopener\"><img decoding=\"async\" src=\"\/wp-content\/uploads\/2016\/08\/offers_spa_eng.jpg\" alt=\"\/wp-content\/uploads\/2016\/08\/offers_spa_eng.jpg\"><\/a>\r\n\t\t<h3 style=\"text-align: center;\">SPA un labj\u016bte<\/h3>\r\n\t\t<p style=\"text-align: justify;\">Latvie\u0161i zina, k\u0101 nodro\u0161in\u0101t labkl\u0101j\u012bbu ikdien\u0101, nostiprinot vesel\u012bbu miera, harmonijas un r\u0101muma o\u0101z\u0113.<\/p>\r\n\t\t<a href=\"https:\/\/www.latvia.travel\/lv\/labjute\" target=\"_blank\" class=\"service-btn\" rel=\"noopener\"> <span>pla\u0161\u0101ka inform\u0101cija<\/span><\/a>\r\n\t<\/div>\r\n\t<div class=\"col-xs-12 col-sm-3\">\r\n\t\t<a href=\"http:\/\/www.latvia.travel\/en\/article\/medical-tourism\" target=\"_blank\" rel=\"noopener\"><img decoding=\"async\" src=\"\/wp-content\/uploads\/2016\/08\/medical.jpg\" alt=\"\/wp-content\/uploads\/2016\/08\/medical.jpg\"><\/a>\r\n\t\t<h3 style=\"text-align: center;\">Bro\u0161uras un kartes.<\/h3>\r\n\t\t<p style=\"text-align: justify;\">Bezmaksas t\u016brisma materi\u0101li.<\/p>\r\n\t\t<a href=\"https:\/\/www.latvia.travel\/lv\/latvijas-kartes-un-informativie-materiali\" target=\"_blank\" class=\"service-btn\" rel=\"noopener\"> <span>pla\u0161\u0101ka inform\u0101cija<\/span><\/a>\r\n\t<\/div>\r\n\t<div class=\"col-xs-12 col-sm-3\">\r\n\t\t<a href=\"https:\/\/wearefromlatvia.com\/top-things-to-do-in-latvia\/\" target=\"_blank\" rel=\"noopener\"><img decoding=\"async\" src=\"\/wp-content\/uploads\/2017\/12\/Ligatne-Top-Things-to-Do-in-Latvia.jpg\" alt=\"33 Top Things to Do in Latvia\"><\/a>\r\n\t\t<h3 style=\"text-align: center;\">33 Top vietas Latvija<\/h3>\r\n\t\t<p style=\"text-align: justify;\">Latvijas lab\u0101ko lietu saraksts, k\u0101 to ieteica viet\u0113jie iedz\u012bvot\u0101ji!\r\n<\/p>\r\n\t\t<a href=\"https:\/\/wearefromlatvia.com\/top-things-to-do-in-latvia\/\" target=\"_blank\" class=\"service-btn\" rel=\"noopener\"> <span>pla\u0161\u0101ka inform\u0101cija<\/span><\/a>\r\n\t<\/div>\r\n<\/div>","protected":false},"excerpt":{"rendered":"Sabiedriskais transports Ieskatieties &#8220;R\u012bgas Satiksme&#8221; t\u012bmek\u013ca vietn\u0113 \u2013 taj\u0101 ir visa aktu\u0101l\u0101 inform\u0101cija par sabiedrisk\u0101 transporta mar\u0161rutiem un atie\u0161anas laikiem. pla\u0161\u0101ka inform\u0101cija T\u0101lsatiksmes autobusi Ieg\u0101d\u0101jieties autobusu bi\u013cetes R\u012bgas Starptautisk\u0101s autoostas bi\u013ce\u0161u kas\u0113s un ce\u013cojiet uz gandr\u012bz jebkuru Latvijas pils\u0113tu. pla\u0161\u0101ka inform\u0101cija Vilcieni \u013boti \u0113rts veids, k\u0101 apce\u013cot Latviju. Apskatiet starptautisko vilcienu sarakstu un ieg\u0101d\u0101jieties bi\u013cetes [&hellip;]","protected":false},"author":1,"featured_media":0,"parent":0,"menu_order":95,"comment_status":"closed","ping_status":"closed","template":"","meta":{"_acf_changed":false,"footnotes":""},"acf":[],"_links":{"self":[{"href":"https:\/\/rigaapartment.com\/lv\/wp-json\/wp\/v2\/pages\/1831"}],"collection":[{"href":"https:\/\/rigaapartment.com\/lv\/wp-json\/wp\/v2\/pages"}],"about":[{"href":"https:\/\/rigaapartment.com\/lv\/wp-json\/wp\/v2\/types\/page"}],"author":[{"embeddable":true,"href":"https:\/\/rigaapartment.com\/lv\/wp-json\/wp\/v2\/users\/1"}],"replies":[{"embeddable":true,"href":"https:\/\/rigaapartment.com\/lv\/wp-json\/wp\/v2\/comments?post=1831"}],"version-history":[{"count":21,"href":"https:\/\/rigaapartment.com\/lv\/wp-json\/wp\/v2\/pages\/1831\/revisions"}],"predecessor-version":[{"id":10468,"href":"https:\/\/rigaapartment.com\/lv\/wp-json\/wp\/v2\/pages\/1831\/revisions\/10468"}],"wp:attachment":[{"href":"https:\/\/rigaapartment.com\/lv\/wp-json\/wp\/v2\/media?parent=1831"}],"curies":[{"name":"wp","href":"https:\/\/api.w.org\/{rel}","templated":true}]}}