{"id":1826,"date":"2017-01-27T11:00:59","date_gmt":"2017-01-27T11:00:59","guid":{"rendered":"https:\/\/rigaapartment.com\/title-pagelv\/"},"modified":"2018-08-29T12:02:34","modified_gmt":"2018-08-29T12:02:34","slug":"%ef%bb%bfsonada-apartments","status":"publish","type":"page","link":"https:\/\/rigaapartment.com\/lv\/%ef%bb%bfsonada-apartments\/","title":{"rendered":"Sonada viesn\u012bca | numuri un apartamenti"},"content":{"rendered":"<div class=\"container\">\r\n\t<div id=\"accordion\" class=\"panel-group\">\r\n\t\t<div class=\"panel panel-default\">\r\n\t\t\t<div class=\"panel-heading\">\r\n\t\t\t\t<h4 class=\"panel-title\"><a href=\"#collapse1\" data-toggle=\"collapse\" data-parent=\"#accordion\">\u0112rti dz\u012bvok\u013ci R\u012bgas centr\u0101 &#8211; \u012bstermi\u0146a \u012bre ar izdev\u012bgam cenam<\/a><\/h4> <\/div>\r\n\t\t\t<div id=\"collapse1\" class=\"panel-collapse collapse in\">\r\n\t\t\t\t<div class=\"panel-body\">\r\n\t\t\t\t\t<p>R\u012bga \u2013 t\u0101 ir veclaic\u012bga pils\u0113ta ar \u0113rtu \u0123eogr\u0101fisko novietojumu, maigu klimatu, bag\u0101tu v\u0113sturi un daudziem arhitekt\u016bras pieminek\u013ciem. Uz \u0161ejieni brauc lai pastaig\u0101tos pa br\u012bni\u0161\u0137\u012bg\u0101m ielam, paskat\u012btos uz viduslaiku pil\u012bm un bazn\u012bc\u0101m, aizbrauktu l\u012bdz j\u016brai, vai k\u0101rtotu dar\u012b\u0161anas.<\/p>\r\n\t\t\t\t\t<p>\u012asu atp\u016btas braucienu vai komand\u0113jumu laik\u0101 pats \u0113rtakais izmitin\u0101\u0161an\u0101s veids R\u012bg\u0101 ir dz\u012bvok\u013cu \u012bstermi\u0146a \u012bre. Dz\u012bvo\u0161ana b\u016bs vair\u0101k komfortabla un pieejam\u0101ka sal\u012bdzinot ar viesn\u012bcam. Bet esiet uzman\u012bgi un un neatsaucaties uz priv\u0101tiem sludin\u0101jumiem, kas pied\u0101v\u0101 \u012bstermi\u0146a \u012bri. Vienm\u0113r ir risks satikt negodpr\u0101t\u012bgus cilv\u0113kus un palikt bez dz\u012bvesvietas sve\u0161\u0101 pils\u0113t\u0101. Lab\u0101k v\u0113r\u0161aties pie RIGAAPARTMENT SONADA! Pie mums atrad\u012bsies \u0113rti un m\u016bsdien\u012bgi apartamenti gan maz\u0101m, gan liel\u0101m \u0123imen\u0113m, draugu komp\u0101nijam vai sadarb\u012bbas partneriem.<\/p>\r\n\t\t\t\t<\/div>\r\n\t\t\t<\/div>\r\n\t\t<\/div>\r\n\t\t<div class=\"panel panel-default\">\r\n\t\t\t<div class=\"panel-heading\">\r\n\t\t\t\t<h4 class=\"panel-title\"><a href=\"#collapse2\" data-toggle=\"collapse\" data-parent=\"#accordion\">Viesn\u012bca RIGAAPARTMENT SONADA: atra\u0161an\u0101s vieta un infrastrukt\u016bra<\/a><\/h4> <\/div>\r\n\t\t\t<div id=\"collapse2\" class=\"panel-collapse collapse\">\r\n\t\t\t\t<div class=\"panel-body\">\r\n\t\t\t\t\t<p>Jums nepien\u0101ksies t\u0113r\u0113t daudz laika lai atrastu m\u016bsu viesn\u012bcu, ierodoties R\u012bg\u0101. Tikpat \u0101tri j\u016bs var\u0113siet atgriezties vai turpin\u0101t savu ce\u013cojumu pa Eiropas pils\u0113t\u0101m. Lai atbrauktu l\u012bdz mums no lidostas, pietiks ar 20 min\u016bt\u0113m. Aizbraukt l\u012bdz centr\u0101lajai dzelzce\u013ca stacijai vai autoostai, pietiks ar 5 min\u016btem. M\u016bsu klientiem pieejami transf\u0113ra pakalpojumi \u2013 vienk\u0101r\u0161i piezvaniet un pazi\u0146ojiet, kad j\u016bs ierodaties un cik pasa\u017eieri j\u016bs b\u016bsiet.<\/p>\r\n\t\t\t\t\t<p>M\u016bsu apartamentu viesn\u012bca ir izvietota uz \u0122ertr\u016bdes ielas, centr\u0101laj\u0101 R\u012bgas da\u013c\u0101. Tikai 20 min\u016b\u0161u mier\u012bgas pastaigas att\u0101lum\u0101, atrodas slaven\u0101 vecpils\u0113ta. \u0160eit var atrast \u013coti daudzas apskates vietas, kas ir k\u013cuvu\u0161as par viz\u012btkarti Latvijas galvaspils\u0113tai. L\u016bk pa\u0161as paz\u012bstam\u0101k\u0101s:<\/p>\r\n\t\t\t\t\t<ul>\r\n\t\t\t\t\t\t<li>R\u012bgas pils<\/li>\r\n\t\t\t\t\t\t<li>R\u012bgas doms<\/li>\r\n\t\t\t\t\t\t<li>Vec\u0101kais dz\u012bvojamo namu komplekss\u201dTr\u012bs br\u0101\u013ci\u201d<\/li>\r\n\t\t\t\t\t\t<li>Ka\u0137u nams<\/li>\r\n\t\t\t\t\t\t<li>Pulvertornis<\/li>\r\n\t\t\t\t\t\t<li>Zviedru v\u0101rti<\/li>\r\n\t\t\t\t\t\t<li>Melngalvju nams<\/li>\r\n\t\t\t\t\t\t<li>Maz\u0101 un liel\u0101 \u0123ilde<\/li>\r\n\t\t\t\t\t\t<li>Br\u0113menes muzikantu piemineklis<\/li>\r\n\t\t\t\t\t<\/ul>\r\n\t\t\t\t\t<p>Skaistu 19 gs bazn\u012bcu un daudzas citas v\u0113sturiskas \u0113kas j\u016bs ieraudz\u012bsiet turpat uz \u0122ertr\u016bdes ielas, blakus saviem apartamentiem RIGAAPARTMENT SONADA. Net\u0101lu atrodas tirdzniec\u012bbas centri un nelieli veikali\u0146i, ofisi, kafejn\u012bcas un konditorijas, nakts klubi un kazino. Ieg\u0101d\u0101ties p\u0101rtiku ir \u0113rti R\u012bgas centr\u0101ltirg\u016b \u2013 tas ir viens vec\u0101kajiem un liel\u0101kajiem tirgus laukumiem Eirop\u0101 un  tas atrodas pavisam net\u0101lu no RIGAAPARTMENT SONADA.<\/p>\r\n\t\t\t\t<\/div>\r\n\t\t\t<\/div>\r\n\t\t<\/div>\r\n\t\t<div class=\"panel panel-default\">\r\n\t\t\t<div class=\"panel-heading\">\r\n\t\t\t\t<h4 class=\"panel-title\"><a href=\"#collapse3\" data-toggle=\"collapse\" data-parent=\"#accordion\">RIGAAPARTMENT SONADA komfort\u0101bli un m\u0101j\u012bgi dz\u012bvokli \u012bstermi\u0146\u0101<\/a><\/h4> <\/div>\r\n\t\t\t<div id=\"collapse3\" class=\"panel-collapse collapse\">\r\n\t\t\t\t<div class=\"panel-body\">\r\n\t\t\t\t\t<p>Viesn\u012bca aiz\u0146em veclaic\u012bgu, renov\u0113tu \u0113ku R\u012bgas centr\u0101. \u012arei ir pieejami 16 apartamenti ar vienu vai div\u0101m gu\u013camistab\u0101m. Tie ir dz\u012bvok\u013ci ar augstiem griestiem un p\u0101rdom\u0101tu, m\u016bsdien\u012bgu interjeru. Katr\u0101 no apartamentiem ir viss nepiecie\u0161amais komfortablai dz\u012bvo\u0161anai.  Virtuves zona un vannas istaba ir lieliski apr\u012bkota. J\u016bs var\u0113siet mazg\u0101t un gludin\u0101t, izvietot mantas kumod\u0113s un skapjos, paskat\u012bties televizoru uz m\u012bksta d\u012bv\u0101na, izmantot internetu caur Wi-Fi.<\/p>\r\n\t\t\t\t\t<p>RigaApartment viesn\u012bc\u0101 ir bag\u0101\u017eas glab\u0101tuve, norobe\u017eots b\u0113rnu laukums ar batutu un neliela autost\u0101vvieta. Viesn\u012bc\u0101 darbojas recepcija, kur j\u016bs variet uzdot jums jebkuru interes\u0113jo\u0161u jaut\u0101jumu vai  pas\u016bt\u012bt papildus pakalpojumus. T\u0101pat, pie mums var apvienot diennakts \u012bri ar telpu konferencei vai banketam. Ar visu nepiecie\u0161amo apr\u012bkot\u0101 telpa paredz\u0113ta l\u012bdz 30 cilv\u0113kiem.<\/p>\r\n\t\t\t\t\t<p>RigaApartment viesn\u012bcas viesiem pieejams da\u017e\u0101ds papildus serviss. \u0160eit b\u016bs da\u017ei no tiem:<\/p>\r\n\t\t\t\t\t<ul>\r\n\t\t\t\t\t\t<li>Transf\u0113rs l\u012bdz viesn\u012bcai<\/li>\r\n\t\t\t\t\t\t<li>Automa\u0161\u012bnas un velosip\u0113du noma<\/li>\r\n\t\t\t\t\t\t<li>Ekskursijas  ar gidiem<\/li>\r\n\t\t\t\t\t\t<li>Mas\u0101\u017ea j\u016bsu numur\u0101<\/li>\r\n\t\t\t\t\t\t<li>Produktu ieg\u0101de uz j\u016bsu iera\u0161anos<\/li>\r\n\t\t\t\t\t\t<li>Skaists dz\u012bvok\u013ca noform\u0113jums priek\u0161 jaunlaul\u0101tajiem.<\/li>\r\n\t\t\t\t\t<\/ul>\r\n\t\t\t\t\t<p>M\u016bsu \u012bstermi\u0146a \u012bres apartamenti \u2013 vieni no l\u0113t\u0101kajiem un \u0113rt\u0101kajiem Vecr\u012bgas rajon\u0101. Tie jums izmaks\u0101s v\u0113l l\u0113t\u0101k, ja j\u016bs noform\u0113siet rezerv\u0101ciju 60 dienas vai \u0101tr\u0101k, pirms j\u016bsu iera\u0161an\u0101s. M\u0113s esam p\u0101rliecin\u0101ti, ka pastaigas pa romantisko Vecr\u012bgu patiks visiem. T\u0101s paliek atmi\u0146\u0101 uz ilgu laiku un izsauks v\u0113lmi atgriezties atpaka\u013c.Izv\u0113lieties m\u016bsu apartamnetus un j\u016btieties k\u0101 m\u0101j\u0101s!<\/p>\r\n\t\t\t\t<\/div>\r\n\t\t\t<\/div>\r\n\t\t<\/div>\r\n\t<\/div>\r\n<\/div>","protected":false},"excerpt":{"rendered":"\u0112rti dz\u012bvok\u013ci R\u012bgas centr\u0101 &#8211; \u012bstermi\u0146a \u012bre ar izdev\u012bgam cenam R\u012bga \u2013 t\u0101 ir veclaic\u012bga pils\u0113ta ar \u0113rtu \u0123eogr\u0101fisko novietojumu, maigu klimatu, bag\u0101tu v\u0113sturi un daudziem arhitekt\u016bras pieminek\u013ciem. Uz \u0161ejieni brauc lai pastaig\u0101tos pa br\u012bni\u0161\u0137\u012bg\u0101m ielam, paskat\u012btos uz viduslaiku pil\u012bm un bazn\u012bc\u0101m, aizbrauktu l\u012bdz j\u016brai, vai k\u0101rtotu dar\u012b\u0161anas. \u012asu atp\u016btas braucienu vai komand\u0113jumu laik\u0101 pats [&hellip;]","protected":false},"author":1,"featured_media":0,"parent":0,"menu_order":86,"comment_status":"closed","ping_status":"closed","template":"page-template-category.php","meta":{"_acf_changed":false,"footnotes":""},"acf":[],"_links":{"self":[{"href":"https:\/\/rigaapartment.com\/lv\/wp-json\/wp\/v2\/pages\/1826"}],"collection":[{"href":"https:\/\/rigaapartment.com\/lv\/wp-json\/wp\/v2\/pages"}],"about":[{"href":"https:\/\/rigaapartment.com\/lv\/wp-json\/wp\/v2\/types\/page"}],"author":[{"embeddable":true,"href":"https:\/\/rigaapartment.com\/lv\/wp-json\/wp\/v2\/users\/1"}],"replies":[{"embeddable":true,"href":"https:\/\/rigaapartment.com\/lv\/wp-json\/wp\/v2\/comments?post=1826"}],"version-history":[{"count":31,"href":"https:\/\/rigaapartment.com\/lv\/wp-json\/wp\/v2\/pages\/1826\/revisions"}],"predecessor-version":[{"id":8528,"href":"https:\/\/rigaapartment.com\/lv\/wp-json\/wp\/v2\/pages\/1826\/revisions\/8528"}],"wp:attachment":[{"href":"https:\/\/rigaapartment.com\/lv\/wp-json\/wp\/v2\/media?parent=1826"}],"curies":[{"name":"wp","href":"https:\/\/api.w.org\/{rel}","templated":true}]}}