{"id":1825,"date":"2017-01-27T11:00:55","date_gmt":"2017-01-27T11:00:55","guid":{"rendered":"https:\/\/rigaapartment.com\/pakalpojumi\/"},"modified":"2024-03-20T16:12:15","modified_gmt":"2024-03-20T16:12:15","slug":"pakalpojumi","status":"publish","type":"page","link":"https:\/\/rigaapartment.com\/lv\/pakalpojumi\/","title":{"rendered":"Pakalpojumi"},"content":{"rendered":"<section class=\"row \">\r\n\t<div class=\"container\">\r\n\t\t<div class=\"row\">\r\n\t\t\t<div class=\"col-xs-12 col-sm-4\"> <img decoding=\"async\" src=\"\/wp-content\/uploads\/2017\/04\/Velo_LV.jpg\" alt=\"Velosip\u0113du noma no 1 maija l\u012bdz 1 oktobrim\"><\/div>\r\n\t\t\t<div class=\"col-xs-12 col-sm-8\">\r\n\t\t\t\t<h3 class=\"service-title\">Velosip\u0113du noma no 1 apr\u012b\u013ca l\u012bdz 1 novembrim<\/h3>\r\n\t\t\t\t<p>M\u016bsu viesiem nomas cena ir 2.50 euro stund\u0101 vai tikai 9.00 euro dien\u0101.<\/p>\r\n\t\t\t\t<button type=\"button\" data-toggle=\"modal\" data-target=\"#contactModal\" class=\"service-btn\" data-service=\"Velosip\u0113du noma no 1 maija l\u012bdz 1 oktobrim\">Piepras\u012bt pakalpojumu<\/button>\r\n\t\t\t<\/div>\r\n\t\t<\/div>\r\n\t<\/div>\r\n<\/section>\r\n\r\n<section class=\"row \">\r\n\t<div class=\"container\">\r\n\t\t<div class=\"row\">\r\n\t\t\t<div class=\"col-xs-12 col-sm-4\"> <img decoding=\"async\" src=\"\/wp-content\/uploads\/2023\/07\/taxi-cropped_3.jpg\" alt=\"Taksometrs ar fiksetu cenu\"><\/div>\r\n\t\t\t<div class=\"col-xs-12 col-sm-8\">\r\n\t\t\t\t<h3 class=\"service-title\">Uzticams taksometrs ar fiks\u0113tu cenu<\/h3>\r\n\t\t\t\t<p style=\"text-align: justify;\">M\u0113s varam pal\u012bdz\u0113t jums organiz\u0113t dro\u0161u un \u0113rtu braucienu starp lidostu &#8220;R\u012bga&#8221; un m\u016bsu apartamenta viesn\u012bcu ielido\u0161anas vai izbrauk\u0161anas dien\u0101. Uzticams un \u0101trs taksometru brauciens starp lidostu &#8220;R\u012bga&#8221; un m\u016bsu apartamenta viesn\u012bcu l\u012bdz 4 person\u0101m izmaksas tikai 30 eiro par vienu braucienu.<br\/>\r\n<p>Sa\u0146emiet fiks\u0113tas cenas kuponu taksometra braucienam no lidostas &#8220;R\u012bga&#8221; uz m\u016bsu apartamenta viesn\u012bcu. J\u016bs varat izmantot \u0161o kuponu jebkur\u0101 laik\u0101 j\u016bsu iera\u0161an\u0101s vai izbrauk\u0161anas dien\u0101.\r\nLai rezerv\u0113tu pakalpojumu, l\u016bdzu, sazinieties ar mums pa t\u0101lruni +371 25461546 vai epastu  reception@rigaapartment.com <\/p>\r\n\t\t\t\t<button type=\"button\" data-toggle=\"modal\" data-target=\"#contactModal\" class=\"service-btn\" data-service=\"Taksometrs ar fiks\u0113tu cenu\">Piepras\u012bt pakalpojumu<\/button>\r\n\t\t\t<\/div>\r\n\t\t<\/div>\r\n\t<\/div>\r\n<\/section>\r\n\r\n<section class=\"row \">\r\n\t<div class=\"container\">\r\n\t\t<div class=\"row\">\r\n\t\t\t<div class=\"col-xs-12 col-sm-4\"> <img decoding=\"async\" src=\"\/wp-content\/uploads\/2016\/08\/temp_slide_transfer-2.jpg\" alt=\"Lidostas Transfers\"><\/div>\r\n\t\t\t<div class=\"col-xs-12 col-sm-8\">\r\n\t\t\t\t<h3 class=\"service-title\">Lidostas Sagad\u012b\u0161ana un Transf\u0113rs<\/h3>\r\n\t\t\t\t<p style=\"text-align: justify;\">Papilu \u0113rt\u012bb\u0101m j\u016bs var\u0101t pas\u016bt\u012bt &#8220;Sagad\u012b\u0161an\u0101s un Transf\u0113ra&#8221; pakalpojumu no R\u012bgas lidostas uz apartamenta viesn\u012bcu l\u012bdz 4 person\u0101m. L\u016bdzu, pazi\u0146ojiet mums j\u016bsu reisa numuru, prec\u012bzu pasa\u017eieru skaitu un vad\u012bt\u0101js sagaid\u012bs j\u016bs lidost\u0101 noteikt\u0101 laik\u0101. <p>&#8220;Sagad\u012b\u0161ana un Transf\u0113rs&#8221; no apartamenta viesn\u012bcas uz lidostu l\u012bdz 4 person\u0101m maksa 50 euro. <p>UZMAN\u012aBU! Pakalpojuma pas\u016bt\u012bjums ir pieejams tikai l\u012bdz 24 stund\u0101m pirms iera\u0161an\u0101s. M\u0113s nevaram apsol\u012bt sniegt \u0161o pakalpojumu ar p\u0113d\u0113j\u0101 br\u012b\u017ea piepras\u012bjumiem! Vad\u012bt\u0101ja gaid\u012b\u0161anas laiks lidost\u0101, s\u0101kot no 30 min\u016btes no lidma\u0161\u012bnas ielidojuma br\u012b\u017ea, tiek iekas\u0113ta papildus samaksa 10 eiro\/stund\u0101. L\u016bdzu, jaut\u0101jiet m\u016bsu administratoriem papildu inform\u0101ciju.<\/p>\r\n\t\t\t\t<button type=\"button\" data-toggle=\"modal\" data-target=\"#contactModal\" class=\"service-btn\" data-service=\"Lidostas Transfers\">Piepras\u012bt pakalpojumu<\/button>\r\n\t\t\t<\/div>\r\n\t\t<\/div>\r\n\t<\/div>\r\n<\/section>\r\n\r\n<section class=\"row \">\r\n\t<div class=\"container\">\r\n\t\t<div class=\"row\">\r\n\t\t\t<div class=\"col-xs-12 col-sm-4\"> <img decoding=\"async\" src=\"\/wp-content\/uploads\/2016\/08\/car.jpg\" alt=\"Automa\u0161\u012bnas noma\"><\/div>\r\n\t\t\t<div class=\"col-xs-12 col-sm-8\">\r\n\t\t\t\t<h3 class=\"service-title\">Automa\u0161\u012bnas noma<\/h3>\r\n\t\t\t\t<p style=\"text-align: justify;\">M\u016bsu viesn\u012bcas administratori pal\u012bdz\u0113s jums iznom\u0101t automa\u0161\u012bnu pie k\u0101da m\u016bsu partnera bez papildu maksas.\r\n                P\u0113c piepras\u012bjuma ir pieejams ar\u012b pas\u016bt\u012bt auto ar priv\u0101to \u0161oferi.\r\n                Sazinieties ar mums, lai sa\u0146emtu s\u012bk\u0101ku inform\u0101ciju.\r\n                <\/p>\r\n\t\t\t\t<button type=\"button\" data-toggle=\"modal\" data-target=\"#contactModal\" class=\"service-btn\" data-service=\"Automa\u0161\u012bnas noma\">Piepras\u012bt pakalpojumu<\/button>\r\n\t\t\t<\/div>\r\n\t\t<\/div>\r\n\t<\/div>\r\n<\/section>\r\n<!--\r\n<section class=\"row \">\r\n\t<div class=\"container\">\r\n\t\t<div class=\"row\">\r\n\t\t\t<div class=\"col-xs-12 col-sm-4\"> <img decoding=\"async\" src=\"\/wp-content\/uploads\/2016\/08\/breakfast.jpg\" alt=\"Brokastis\"><\/div>\r\n\t\t\t<div class=\"col-xs-12 col-sm-8\">\r\n\t\t\t\t<h3 class=\"service-title\">Brokastis<\/h3>\r\n\t\t\t\t<p style=\"text-align: justify;\">Brokastis tiek pasniegtas restor\u0101n\u0101 \"LIDO GERTRUDE\" \u0122ertr\u016bdes iel\u0101 54.\r\n\t\t\t\t\t<br> Darba laiks darba dien\u0101s no plk. 11:00 l\u012bdz 20:00; sestdien\u0101s no plk. 12:00 l\u012bdz 20:00.\r\n\t\t\t\t\t<br> Tikai RIGAAPARTMENT viesiem atlaide viesiem maltitiem -10%, iz\u0146emot alkoholu.\r\n\t\t\t\t\t<br> Jaut\u0101jiet m\u016bsu uz\u0146em\u0161anas administratoriem atlai\u017eu kuponu un s\u012bk\u0101ku inform\u0101ciju!<\/p>\r\n\t\t\t\t<button type=\"button\" data-toggle=\"modal\" data-target=\"#contactModal\" class=\"service-btn\" data-service=\"Brokastis\">Piepras\u012bt pakalpojumu<\/button>\r\n\t\t\t<\/div>\r\n\t\t<\/div>\r\n\t<\/div>\r\n<\/section>\r\n-->\r\n<section class=\"row \">\r\n\t<div class=\"container\">\r\n\t\t<div class=\"row\">\r\n\t\t\t<div class=\"col-xs-12 col-sm-4\"> <img decoding=\"async\" src=\"\/wp-content\/uploads\/2016\/08\/food1.jpg\" alt=\"P\u0101rtika\"><\/div>\r\n\t\t\t<div class=\"col-xs-12 col-sm-8\">\r\n\t\t\t\t<h3 class=\"service-title\">P\u0101rtika<\/h3>\r\n\t\t\t\t<p style=\"text-align: justify;\">M\u0113s v\u0113lamies padar\u012bt j\u016bsu uztur\u0113\u0161anos v\u0113l \u0113rt\u0101ku \u2013 pirms j\u016bsu iera\u0161an\u0101s m\u0113s varam piepild\u012bt ledusskapi ar p\u0101rtiku un dz\u0113rieniem brokast\u012bm un vakari\u0146\u0101m.<\/p>\r\n\t\t\t\t<button type=\"button\" data-toggle=\"modal\" data-target=\"#contactModal\" class=\"service-btn\" data-service=\"P\u0101rtika\">Piepras\u012bt pakalpojumu<\/button>\r\n\t\t\t<\/div>\r\n\t\t<\/div>\r\n\t<\/div>\r\n<\/section>\r\n<section class=\"row \">\r\n\t<div class=\"container\">\r\n\t\t<div class=\"row\">\r\n\t\t\t<div class=\"col-xs-12 col-sm-4\"> <img decoding=\"async\" src=\"\/wp-content\/uploads\/2016\/08\/flowers.jpg\" alt=\"Ziedi un d\u0101vanas\"><\/div>\r\n\t\t\t<div class=\"col-xs-12 col-sm-8\">\r\n\t\t\t\t<h3 class=\"service-title\">Ziedi un d\u0101vanas<\/h3>\r\n\t\t\t\t<p style=\"text-align: justify;\">M\u0113s varam pal\u012bdz\u0113t jums p\u0101rsteigt draugus un radus, pieg\u0101d\u0101jot ziedus vai citus s\u016bt\u012bjumus kad un kur vien v\u0113laties.\r\n                Pakalpojumu cenas s\u0101kot no 15 euro.\r\n                Varam nodro\u0161in\u0101t j\u016bsu \u012br\u0113t\u0101 numura vai apartamenta izrot\u0101\u0161anu ar ziediem.\r\n                <\/p>\r\n\t\t\t\t<button type=\"button\" data-toggle=\"modal\" data-target=\"#contactModal\" class=\"service-btn\" data-service=\"Ziedi un d\u0101vanas\">Piepras\u012bt pakalpojumu<\/button>\r\n\t\t\t<\/div>\r\n\t\t<\/div>\r\n\t<\/div>\r\n<\/section>\r\n<section class=\"row \">\r\n\t<div class=\"container\">\r\n\t\t<div class=\"row\">\r\n\t\t\t<div class=\"col-xs-12 col-sm-4\"> <img decoding=\"async\" src=\"\/wp-content\/uploads\/2016\/08\/events_small.jpg\" alt=\"Te\u0101tra vai koncerta bi\u013cetes\"><\/div>\r\n\t\t\t<div class=\"col-xs-12 col-sm-8\">\r\n\t\t\t\t<h3 class=\"service-title\">Te\u0101tra vai koncerta bi\u013cetes<\/h3>\r\n\t\t\t\t<p style=\"text-align: justify;\">M\u0113s zin\u0101m, cik gr\u016bti ir atrast vai nok\u0101rtot da\u017e\u0101dus jaut\u0101jumus sve\u0161\u0101 vid\u0113, t\u0101d\u0113\u013c pied\u0101v\u0101jam pal\u012bdz\u012bbu pas\u0101kumu pl\u0101no\u0161an\u0101 un bi\u013ce\u0161u ieg\u0101d\u0113 uz jebkuru kult\u016bras pas\u0101kumu, kas notiek R\u012bg\u0101.<\/p>\r\n\t\t\t\t<button type=\"button\" data-toggle=\"modal\" data-target=\"#contactModal\" class=\"service-btn\" data-service=\"Te\u0101tra vai koncerta bi\u013cetes\">Piepras\u012bt pakalpojumu<\/button>\r\n\t\t\t<\/div>\r\n\t\t<\/div>\r\n\t<\/div>\r\n<\/section>\r\n<section class=\"row \">\r\n\t<div class=\"container\">\r\n\t\t<div class=\"row\">\r\n\t\t\t<div class=\"col-xs-12 col-sm-4\"> <img decoding=\"async\" src=\"\/wp-content\/uploads\/2016\/08\/temp_slide_just_married.jpg\" alt=\"Tikko prec\u0113ju\u0161ies\"><\/div>\r\n\t\t\t<div class=\"col-xs-12 col-sm-8\">\r\n\t\t\t\t<h3 class=\"service-title\">Tikko prec\u0113ju\u0161ies<\/h3>\r\n\t\t\t\t<p style=\"text-align: justify;\">J\u016bsu k\u0101zu diena k\u013c\u016bs par vienu no visromantisk\u0101kajiem un neaizmirstam\u0101kajiem notikumiem j\u016bsu dz\u012bv\u0113.\r\n                M\u0113s dar\u012bsim visu, lai padar\u012btu \u0161o dienu v\u0113l \u012bpa\u0161\u0101ku.\r\n                M\u0113s izrot\u0101sim j\u016bsu \u012br\u0113to numuru vai apartamentu, nogad\u0101sim d\u0101vanas un ziedus j\u016bsu m\u012b\u013cajiem un dar\u0123iem cilv\u0113kiem, pasniegsim brokastis j\u016bsu istab\u0101.\r\n                <\/p>\r\n\t\t\t\t<button type=\"button\" data-toggle=\"modal\" data-target=\"#contactModal\" class=\"service-btn\" data-service=\"Tikko prec\u0113ju\u0161ies\">Piepras\u012bt pakalpojumu<\/button>\r\n\t\t\t<\/div>\r\n\t\t<\/div>\r\n\t<\/div>\r\n<\/section>\r\n<section class=\"row \">\r\n\t<div class=\"container\">\r\n\t\t<div class=\"row\">\r\n\t\t\t<div class=\"col-xs-12 col-sm-4\"> <img decoding=\"async\" src=\"\/wp-content\/uploads\/2016\/08\/cleaning.jpg\" alt=\"T\u012br\u012b\u0161ana\"><\/div>\r\n\t\t\t<div class=\"col-xs-12 col-sm-8\">\r\n\t\t\t\t<h3 class=\"service-title\">T\u012br\u012b\u0161ana<\/h3>\r\n\t\t\t\t<p style=\"text-align: justify;\">Katrs RIGAAPARTMENT numurs vai apartaments ir izt\u012br\u012bts un sagatavots, lai j\u016bsu uztur\u0113\u0161an\u0101s b\u016btu \u0113rta un pat\u012bkama.\r\n                Lai m\u016bsu cenas b\u016btu maksim\u0101li draudz\u012bg\u0101kas \u2013 apartamentu t\u012br\u012b\u0161ana, iek\u013cauta \u012bres cen\u0101, notiek tikai reizi ned\u0113\u013c\u0101.\r\n                Turkl\u0101t p\u0113c piepras\u012bjuma un samaksu 30 euro var pas\u016bt\u012bt papildus apartamenta t\u012br\u012b\u0161anu un ve\u013cas mai\u0146u jums \u0113rt\u0101 laik\u0101.\r\n                M\u0113s izmantojam \u0161\u012b uz\u0146\u0113muma pakalpojumus: <a href=\"http:\/\/cleaningriga.lv\/\" target=\"_blank\" rel=\"noopener\">CleaningRiga.lv<\/a><\/p>\r\n\t\t\t\t<button type=\"button\" data-toggle=\"modal\" data-target=\"#contactModal\" class=\"service-btn\" data-service=\"T\u012br\u012b\u0161ana\">Piepras\u012bt pakalpojumu<\/button>\r\n\t\t\t<\/div>\r\n\t\t<\/div>\r\n\t<\/div>\r\n<\/section>\r\n<section class=\"row \">\r\n\t<div class=\"container\">\r\n\t\t<div class=\"row\">\r\n\t\t\t<div class=\"col-xs-12 col-sm-4\"> <img decoding=\"async\" src=\"\/wp-content\/uploads\/2016\/08\/riga-sightseeing.jpg\" alt=\"Ekskursija pa R\u012bgu\"><\/div>\r\n\t\t\t<div class=\"col-xs-12 col-sm-8\">\r\n\t\t\t\t<h3 class=\"service-title\">Ekskursija pa R\u012bgu<\/h3>\r\n\t\t\t\t<p style=\"text-align: justify;\">M\u0113s varam pal\u012bdz\u0113t atkl\u0101t R\u012bgas interesant\u0101k\u0101s vietas un nodro\u0161in\u0101t gida pakalpojumus ekskursij\u0101m ang\u013cu, v\u0101cu, fran\u010du un sp\u0101\u0146u valod\u0101 pa Latvijas skaisto galvaspils\u0113tu.<\/p>\r\n\t\t\t\t<button type=\"button\" data-toggle=\"modal\" data-target=\"#contactModal\" class=\"service-btn\" data-service=\"Ekskursija pa R\u012bgu\">Piepras\u012bt pakalpojumu<\/button>\r\n\t\t\t<\/div>\r\n\t\t<\/div>\r\n\t<\/div>\r\n<\/section>","protected":false},"excerpt":{"rendered":"Velosip\u0113du noma no 1 apr\u012b\u013ca l\u012bdz 1 novembrim M\u016bsu viesiem nomas cena ir 2.50 euro stund\u0101 vai tikai 9.00 euro dien\u0101. Piepras\u012bt pakalpojumu Uzticams taksometrs ar fiks\u0113tu cenu M\u0113s varam pal\u012bdz\u0113t jums organiz\u0113t dro\u0161u un \u0113rtu braucienu starp lidostu &#8220;R\u012bga&#8221; un m\u016bsu apartamenta viesn\u012bcu ielido\u0161anas vai izbrauk\u0161anas dien\u0101. Uzticams un \u0101trs taksometru brauciens starp lidostu [&hellip;]","protected":false},"author":1,"featured_media":0,"parent":0,"menu_order":82,"comment_status":"closed","ping_status":"closed","template":"","meta":{"_acf_changed":false,"footnotes":""},"acf":[],"_links":{"self":[{"href":"https:\/\/rigaapartment.com\/lv\/wp-json\/wp\/v2\/pages\/1825"}],"collection":[{"href":"https:\/\/rigaapartment.com\/lv\/wp-json\/wp\/v2\/pages"}],"about":[{"href":"https:\/\/rigaapartment.com\/lv\/wp-json\/wp\/v2\/types\/page"}],"author":[{"embeddable":true,"href":"https:\/\/rigaapartment.com\/lv\/wp-json\/wp\/v2\/users\/1"}],"replies":[{"embeddable":true,"href":"https:\/\/rigaapartment.com\/lv\/wp-json\/wp\/v2\/comments?post=1825"}],"version-history":[{"count":37,"href":"https:\/\/rigaapartment.com\/lv\/wp-json\/wp\/v2\/pages\/1825\/revisions"}],"predecessor-version":[{"id":9021,"href":"https:\/\/rigaapartment.com\/lv\/wp-json\/wp\/v2\/pages\/1825\/revisions\/9021"}],"wp:attachment":[{"href":"https:\/\/rigaapartment.com\/lv\/wp-json\/wp\/v2\/media?parent=1825"}],"curies":[{"name":"wp","href":"https:\/\/api.w.org\/{rel}","templated":true}]}}