{"id":1817,"date":"2017-01-27T10:57:18","date_gmt":"2017-01-27T10:57:18","guid":{"rendered":"https:\/\/rigaapartment.com\/title-pagelv\/"},"modified":"2024-05-27T13:10:49","modified_gmt":"2024-05-27T13:10:49","slug":"atrasanas-vieta-sonada","status":"publish","type":"page","link":"https:\/\/rigaapartment.com\/lv\/atrasanas-vieta-sonada\/","title":{"rendered":"\ufeffRIGAAPARTMENT Sonada | \u0122ertr\u016bdes iela\u00a0129, R\u012bga"},"content":{"rendered":"<iframe loading=\"lazy\" src=\"https:\/\/qpano.com\/lv\/balu\/rigaapartmentsonada\/location\" width=\"100%\" height=\"450\" frameborder=\"0\" allowfullscreen><\/iframe>\r\n\r\n<!--\r\n<iframe loading=\"lazy\" style=\"border: 0;\" src=\"https:\/\/www.google.com\/maps\/embed?pb=!1m14!1m8!1m3!1d2176.0615403633055!2d24.1395437!3d56.9477469!3m2!1i1024!2i768!4f13.1!3m3!1m2!1s0x0%3A0x658ef5dc001f5e89!2sAparthotel+RIGAAPARTMENT!5e0!3m2!1sen!2sus!4v1473242964163\" width=\"100%\" height=\"450\" frameborder=\"0\" allowfullscreen=\"allowfullscreen\"><\/iframe>\r\n<div class=\"row\">\r\n\t<div class=\"col-xs-12 hidden-xs\">\r\n\t\t<p style=\"text-align: center;\"><a class=\"link-zoom prettyPhoto\" href=\"\/wp-content\/uploads\/2017\/03\/POPULAR_CITY_SIGHTS_LV.jpg\" rel=\"prettyPhoto[oba3a]\"><i class=\"fa fa-search\"><\/i> POPUL\u0100RI PILS\u0112TAS APSKATES OBJEKTI <\/a> <a class=\"link-zoom prettyPhoto\" title=\"\" href=\"\/wp-content\/themes\/bloga\/images\/riga-apartment-map129-final(SONADA).jpg\" rel=\"prettyPhoto[oba3a]\"><i class=\"fa fa-search\"><\/i> POPUL\u0100R\u0100KIE PASTAIGU GALAM\u0112R\u0136I<\/a><\/p>\r\n\t<\/div>\r\n\t<div class=\"col-xs-12 hidden-sm hidden-md hidden-lg\">\r\n\t\t<p style=\"text-align: center;\"><a href=\"\/wp-content\/uploads\/2017\/03\/POPULAR_CITY_SIGHTS_LV.jpg\" target=\"_blank\" rel=\"noopener\"><i class=\"fa fa-search\"><\/i> POPUL\u0100RI PILS\u0112TAS APSKATES OBJEKTI <\/a> <a href=\"\/wp-content\/themes\/bloga\/images\/riga-apartment-map129-final(SONADA).jpg\" target=\"_blank\" rel=\"noopener\"><i class=\"fa fa-search\"><\/i> POPUL\u0100R\u0100KIE PASTAIGU GALAM\u0112R\u0136I<\/a><\/p>\r\n\t<\/div>\r\n<\/div>\r\n-->\r\n<div class=\"row\">\r\n\t<div class=\"col-xs-12\">\r\n\t\t<h3 class=\"service-title\">KUR M\u0112S ATRODAMIES<\/h3> <\/div>\r\n<\/div>\r\n<div class=\"row\">\r\n\t<div class=\"col-xs-12 col-sm-6\">\r\n\t\t<p style=\"text-align: justify;\">RIGAAPARTMENT SONADA viesn\u012bca atrodas \u0122ERTR\u016aDES iel\u0101 129, R\u012bg\u0101.\r\n        Tas ir tikai 20 min\u016b\u0161u g\u0101jiena vai 10 min\u016b\u0161u brauciena no Vecr\u012bgas.\r\n        Dz\u012bvok\u013ci atrodas piln\u012bb\u0101 rekonstru\u0113t\u0101 v\u0113sturisk\u0101 \u0113k\u0101, kur\u0101 ir augstie griesti, \u0113rts iek\u0101rtojums un m\u016bsdien\u012bgas m\u0113beles.\r\n        \u0112k\u0101 ir vienas vai divu gu\u013camistabu dz\u012bvok\u013ci ar visu, kas nepiecie\u0161ams j\u016bsu uztur\u0113\u0161an\u0101s laik\u0101.\r\n        M\u016bsu draudz\u012bgie un profesion\u0101lie administratori pal\u012bdz\u0113s j\u016bsu uztur\u0113\u0161an\u0101s laik\u0101, sniegs visu nepiecie\u0161amo inform\u0101ciju par dz\u012bvok\u013ciem un p\u0113c vajadz\u012bbas izskaidros viet\u0113jos noteikumus un normas.\r\n        <\/p>\r\n\t<\/div>\r\n\t<div class=\"col-xs-12 col-sm-6\">\r\n\t\t<p style=\"text-align: justify;\">J\u016bsu \u0113rt\u012bbai mums ir dro\u0161a priv\u0101ta autost\u0101vvieta 10 automa\u0161\u012bn\u0101m ar iebrauk\u0161anu no VALMIERAS ielas 5.\r\n        Ir pieejama ar\u012b bag\u0101\u017eas uzglab\u0101\u0161anas telpa un transf\u0113rs uz lidostu un no t\u0101s.\r\n        Lai nok\u013c\u016btu pie mums no R\u012bgas centr\u0101l\u0101s dzelzce\u013ca stacijas vai Autoostas, nepiecie\u0161ams ne vair\u0101k k\u0101 5 min\u016b\u0161u brauciens ar taksometru, bet no R\u012bgas lidostas \u2013 apm\u0113ram 20 min\u016b\u0161u brauciens ar taksometru.\r\n        Lai apl\u016bkotu virzienus, skatiet karti turpm\u0101k.\r\n        <\/p>\r\n\t<\/div>\r\n<\/div>","protected":false},"excerpt":{"rendered":"KUR M\u0112S ATRODAMIES RIGAAPARTMENT SONADA viesn\u012bca atrodas \u0122ERTR\u016aDES iel\u0101 129, R\u012bg\u0101. Tas ir tikai 20 min\u016b\u0161u g\u0101jiena vai 10 min\u016b\u0161u brauciena no Vecr\u012bgas. Dz\u012bvok\u013ci atrodas piln\u012bb\u0101 rekonstru\u0113t\u0101 v\u0113sturisk\u0101 \u0113k\u0101, kur\u0101 ir augstie griesti, \u0113rts iek\u0101rtojums un m\u016bsdien\u012bgas m\u0113beles. \u0112k\u0101 ir vienas vai divu gu\u013camistabu dz\u012bvok\u013ci ar visu, kas nepiecie\u0161ams j\u016bsu uztur\u0113\u0161an\u0101s laik\u0101. M\u016bsu draudz\u012bgie un [&hellip;]","protected":false},"author":1,"featured_media":0,"parent":0,"menu_order":71,"comment_status":"closed","ping_status":"closed","template":"","meta":{"_acf_changed":false,"footnotes":""},"acf":[],"_links":{"self":[{"href":"https:\/\/rigaapartment.com\/lv\/wp-json\/wp\/v2\/pages\/1817"}],"collection":[{"href":"https:\/\/rigaapartment.com\/lv\/wp-json\/wp\/v2\/pages"}],"about":[{"href":"https:\/\/rigaapartment.com\/lv\/wp-json\/wp\/v2\/types\/page"}],"author":[{"embeddable":true,"href":"https:\/\/rigaapartment.com\/lv\/wp-json\/wp\/v2\/users\/1"}],"replies":[{"embeddable":true,"href":"https:\/\/rigaapartment.com\/lv\/wp-json\/wp\/v2\/comments?post=1817"}],"version-history":[{"count":11,"href":"https:\/\/rigaapartment.com\/lv\/wp-json\/wp\/v2\/pages\/1817\/revisions"}],"predecessor-version":[{"id":1879,"href":"https:\/\/rigaapartment.com\/lv\/wp-json\/wp\/v2\/pages\/1817\/revisions\/1879"}],"wp:attachment":[{"href":"https:\/\/rigaapartment.com\/lv\/wp-json\/wp\/v2\/media?parent=1817"}],"curies":[{"name":"wp","href":"https:\/\/api.w.org\/{rel}","templated":true}]}}