{"id":1816,"date":"2017-01-27T10:57:16","date_gmt":"2017-01-27T10:57:16","guid":{"rendered":"https:\/\/rigaapartment.com\/title-pagelv\/"},"modified":"2024-02-20T12:40:02","modified_gmt":"2024-02-20T12:40:02","slug":"elizabetes-location-lv","status":"publish","type":"page","link":"https:\/\/rigaapartment.com\/lv\/elizabetes-location-lv\/","title":{"rendered":"RIGAAPARTMENT ELIZABETES | ELIZABETES IELA 22, R\u012aGA"},"content":{"rendered":"<iframe loading=\"lazy\" src=\"https:\/\/qpano.com\/lv\/balu\/rigaapartmentsonada\/location\" width=\"100%\" height=\"450\" frameborder=\"0\" allowfullscreen><\/iframe>\r\n\r\n<!--\r\n<iframe loading=\"lazy\" src=\"https:\/\/www.google.com\/maps\/embed?pb=!1m14!1m8!1m3!1d17406.333589082245!2d24.13147!3d56.95237!3m2!1i1024!2i768!4f13.1!3m3!1m2!1s0x46eece328b1d7267%3A0x7c8450159109cb28!2zxKJlcnRyxatkZXMgaWVsYSA1NCwgTGF0Z2FsZXMgcHJpZWvFoXBpbHPEk3RhLCBSxKtnYSwgTFYtMTAxMSwgTGF0dmlh!5e0!3m2!1sen!2sus!4v1473242708709\" width=\"100%\" height=\"450\" frameborder=\"0\" style=\"border:0\" allowfullscreen><\/iframe>\r\n\r\n<div class=\"row\">\r\n\t<div class=\"col-xs-12 hidden-xs\">\r\n\t\t<p style=\"text-align: center;\">\r\n\t\t\t<a href=\"\/wp-content\/uploads\/2017\/03\/POPULAR_CITY_SIGHTS_LV.jpg\" class=\"link-zoom prettyPhoto\" rel=\"prettyPhoto[oba3a]\"><i class=\"fa fa-search\" aria-hidden=\"true\"><\/i> POPUL\u0100RI PILS\u0112TAS APSKATES OBJEKTI <\/a>\r\n\t\t\t<a href=\"\/wp-content\/themes\/bloga\/images\/riga-apartment-map54-final(GERTRUDA).jpg\" class=\"link-zoom prettyPhoto\" rel=\"prettyPhoto[oba3a]\" title=\"\"><i class=\"fa fa-search\" aria-hidden=\"true\"><\/i> POPUL\u0100R\u0100KIE PASTAIGU GALAM\u0112R\u0136I<\/a>\r\n\t\t<\/p>\r\n\t<\/div>\r\n\t<div class=\"col-xs-12 hidden-sm hidden-md hidden-lg\">\r\n\t\t<p style=\"text-align: center;\">\r\n\t\t\t<a href=\"\/wp-content\/uploads\/2017\/03\/POPULAR_CITY_SIGHTS_LV.jpg\" target=\"_blank\" rel=\"noopener\"><i class=\"fa fa-search\" aria-hidden=\"true\"><\/i> POPUL\u0100RI PILS\u0112TAS APSKATES OBJEKTI <\/a>\r\n\t\t\t<a href=\"\/wp-content\/themes\/bloga\/images\/riga-apartment-map54-final(GERTRUDA).jpg\" target=\"_blank\" rel=\"noopener\"><i class=\"fa fa-search\" aria-hidden=\"true\"><\/i> POPUL\u0100R\u0100KIE PASTAIGU GALAM\u0112R\u0136I<\/a>\r\n\t\t<\/p>\r\n\t<\/div>\r\n<\/div>\r\n-->\r\n<div class=\"row\">\r\n\t<div class=\"col-xs-12\">\r\n\t\t<h3 class=\"service-title\">KUR M\u0112S ATRODAMIES<\/h3> <\/div>\r\n<\/div>\r\n<div class=\"row\">\r\n\t<div class=\"col-xs-12 col-sm-6\">\r\n\t\t<p style=\"text-align: justify;\">RIGAAPARTMENT ELIZABETES 22 apartamentu viesn\u012bca \u0113ka atrodas uz R\u012bgas skaist\u0101k\u0101s ielas \u2014 Elizabetes ielas, jugendstila perle. Viet\u0113jie iedz\u012bvot\u0101ji Elizabetes ielu d\u0113v\u0113 par &#8220;mazo Par\u012bzi&#8221;, jo \u0161eit dz\u012bvo romantikas gars. M\u016bsu pa\u0161apkalpo\u0161an\u0101s apartamentu viesn\u012bca atrodas tikai 5 min\u016b\u0161u pastaigas att\u0101lum\u0101 no slaven\u0101s Vecr\u012bgas un R\u012bgas vec\u0101k\u0101 sabiedrisk\u0101 parka, V\u0113rmanes d\u0101rza. B\u0101ri un restor\u0101ni ir ar\u012b viegli sasniedzami. RIGAAPARTMENT ELIZABETES 22 atrodas piln\u012bb\u0101 atjaunot\u0101 v\u0113sturisk\u0101 \u0113k\u0101, kur\u0101 ir augsti griesti, ergonomisks dizains un m\u016bsdien\u012bgs m\u0113be\u013cu un apr\u012bkojuma komplekts \u0113rtai \u012bstermi\u0146a uztur\u0113\u0161anai. Piln\u012bgi autonomei vienistabas apartamentu vien\u012bbai ir viss nepiecie\u0161amais j\u016bsu uztur\u0113\u0161an\u0101s laik\u0101.\r\n        <\/p>\r\n\r\n\r\n\r\n\t\t<p style=\"text-align: justify;\">Viesn\u012bcas atbalsta dienests ar prieku jums sniegs pal\u012bdz\u012bbu un nodro\u0161in\u0101s visu nepiecie\u0161amo inform\u0101ciju, lai j\u016bs justos \u0113rti.\r\n        <\/p>\r\n\r\n\r\n\r\n\t<\/div>\r\n\r\n\r\n\r\n\t<div class=\"col-xs-12 col-sm-6\">\r\n\t\t<p style=\"text-align: justify;\">Katr\u0101 m\u016bsu dz\u012bvokl\u012b ir piln\u012bb\u0101 apr\u012bkota virtuve ar \u0113damzonu, vannas istaba ar du\u0161u, ve\u013cas mazg\u0101jam\u0101 ma\u0161\u012bna, gludeklis un gludin\u0101\u0161anas d\u0113lis, f\u0113ns un \u0161\u0137idr\u0101s ziepes\/\u0161amp\u016bns. Dz\u012bvok\u013cu viesistab\u0101s ir \u0113rti d\u012bv\u0101ni un kr\u0113sli, k\u0101 ar\u012b lieli plakanekr\u0101na televizori.\r\n        <\/p>\r\n\t\t<p style=\"text-align: justify;\">Vis\u0101 \u0113kas teritorij\u0101 ir pieejams bezmaksas Wi-Fi. J\u016bs varat izv\u0113l\u0113ties divistabu dz\u012bvokli vai nelielu studio tipa dz\u012bvokli, kur jums \u0113rt\u012bb\u0101m ir divgu\u013cam\u0101s vai viengul\u0101s gultas. Gultas ve\u013ca un dvie\u013ci ir iek\u013cauti dz\u012bvojam\u0101s izmaks\u0101s. Lielie dr\u0113bju skapji ir apr\u012bkoti ar pakaramajiem.\r\n        <\/p>\r\n\t<\/div>\r\n<\/div>","protected":false},"excerpt":{"rendered":"KUR M\u0112S ATRODAMIES RIGAAPARTMENT ELIZABETES 22 apartamentu viesn\u012bca \u0113ka atrodas uz R\u012bgas skaist\u0101k\u0101s ielas \u2014 Elizabetes ielas, jugendstila perle. Viet\u0113jie iedz\u012bvot\u0101ji Elizabetes ielu d\u0113v\u0113 par &#8220;mazo Par\u012bzi&#8221;, jo \u0161eit dz\u012bvo romantikas gars. M\u016bsu pa\u0161apkalpo\u0161an\u0101s apartamentu viesn\u012bca atrodas tikai 5 min\u016b\u0161u pastaigas att\u0101lum\u0101 no slaven\u0101s Vecr\u012bgas un R\u012bgas vec\u0101k\u0101 sabiedrisk\u0101 parka, V\u0113rmanes d\u0101rza. B\u0101ri un restor\u0101ni [&hellip;]","protected":false},"author":1,"featured_media":0,"parent":0,"menu_order":63,"comment_status":"closed","ping_status":"closed","template":"","meta":{"_acf_changed":false,"footnotes":""},"acf":[],"_links":{"self":[{"href":"https:\/\/rigaapartment.com\/lv\/wp-json\/wp\/v2\/pages\/1816"}],"collection":[{"href":"https:\/\/rigaapartment.com\/lv\/wp-json\/wp\/v2\/pages"}],"about":[{"href":"https:\/\/rigaapartment.com\/lv\/wp-json\/wp\/v2\/types\/page"}],"author":[{"embeddable":true,"href":"https:\/\/rigaapartment.com\/lv\/wp-json\/wp\/v2\/users\/1"}],"replies":[{"embeddable":true,"href":"https:\/\/rigaapartment.com\/lv\/wp-json\/wp\/v2\/comments?post=1816"}],"version-history":[{"count":13,"href":"https:\/\/rigaapartment.com\/lv\/wp-json\/wp\/v2\/pages\/1816\/revisions"}],"predecessor-version":[{"id":10712,"href":"https:\/\/rigaapartment.com\/lv\/wp-json\/wp\/v2\/pages\/1816\/revisions\/10712"}],"wp:attachment":[{"href":"https:\/\/rigaapartment.com\/lv\/wp-json\/wp\/v2\/media?parent=1816"}],"curies":[{"name":"wp","href":"https:\/\/api.w.org\/{rel}","templated":true}]}}