{"id":1815,"date":"2017-01-27T10:57:13","date_gmt":"2017-01-27T10:57:13","guid":{"rendered":"https:\/\/rigaapartment.com\/piedavajumi\/"},"modified":"2025-09-11T13:51:46","modified_gmt":"2025-09-11T13:51:46","slug":"piedavajumi","status":"publish","type":"page","link":"https:\/\/rigaapartment.com\/lv\/piedavajumi\/","title":{"rendered":"\u012apa\u0161ie pied\u0101v\u0101jumi"},"content":{"rendered":"<a name=\"offer-10-lv\"><\/a>\r\n<div class=\"row\">\r\n  <div class=\"col-xs-12 col-sm-4\">\r\n    <a href=\"https:\/\/rigaapartment.com\" target=\"_blank\" rel=\"noopener\">\r\n      <img decoding=\"async\" src=\"\/wp-content\/uploads\/2025\/09\/Frame-8.jpg\" alt=\"Rudens R\u012bg\u0101 ar komfortu - RigaApartment.com\" style=\"margin-bottom:35px;\" \/>\r\n    <\/a>\r\n  <\/div>\r\n  <div class=\"col-xs-12 col-sm-8\">\r\n    <a href=\"https:\/\/rigaapartment.com\" target=\"_blank\" rel=\"noopener\">\r\n      <h3 class=\"service-title\">\ud83c\udf42 Rudens R\u012bg\u0101 ar komfortu!<\/h3>\r\n    <\/a>\r\n    <p style=\"text-align: justify;\">\r\n      No 1. septembra l\u012bdz 30. novembrim 2025. gad\u0101 sviniet rudeni romantiskaj\u0101 R\u012bg\u0101! Izmantojiet rekl\u0101mas kodu \r\n      <strong>RUDENS<\/strong>, veicot rezerv\u0101ciju m\u016bsu m\u0101jaslap\u0101 <a href=\"https:\/\/rigaapartment.com\">rigaapartment.com<\/a> \r\n      un sa\u0146emiet:\r\n    <\/p>\r\n    <ul>\r\n      <li>\ud83c\udf1f 7% atlaidi nak\u0161\u0146o\u0161anai un <strong>D\u0100VAN\u0100<\/strong><\/li>\r\n      <li>\ud83d\ude97 Bezmaksas autost\u0101vvietu vai<\/li>\r\n      <li>\ud83d\ude8c Bezmaksas transf\u0113ru<\/li>\r\n    <\/ul>\r\n    <p style=\"text-align: justify;\">Izv\u0113lieties, kas jums \u0113rt\u0101k!<\/p>\r\n  <\/div>\r\n<\/div>\r\n\r\n<a name=\"offer-9\"><\/a>\r\n<div class=\"row\">\r\n\t<div class=\"col-xs-12 col-sm-4\">\r\n\t\t<a href=\"http:\/\/www.redfoxtours.eu\" target=\"_blank\" rel=\"noopener\"> <img decoding=\"async\" src=\"\/wp-content\/uploads\/2017\/04\/redfoxtours-stag-do-riga.jpg\" alt=\"\/wp-content\/uploads\/2017\/04\/redfoxtours-stag-do-riga.jpg\" \/><\/a>\r\n\t<\/div>\r\n\t<div class=\"col-xs-12 col-sm-8\">\r\n\t\t<a href=\"http:\/\/www.redfoxtours.eu\" target=\"_blank\" rel=\"noopener\"><h3 class=\"service-title\">Jums pat\u012bk aktivit\u0101tes: Kartings, Pinball, Aerodium un citi?<\/h3><\/a>\r\n\t\t<p style=\"text-align: justify;\">Vai j\u016bs v\u0113laties atkl\u0101t sev R\u012bgas nakts dz\u012bvi un atp\u016bsties Vecr\u012bgas klubos un b\u0101ros? Tad \u0161is pied\u0101v\u0101jums ir tie\u0161i Jums!\r\n\t\tTikai RIGAAPARTMENT viesiem \u012bpa\u0161as cenas un tematiskas paketes no m\u016bsu partneriem &#8211; Red Fox Tours a\u0123ent\u016bra.T\u016brfirma Red Fox Tours pied\u0101v\u0101 vair\u0101k nek\u0101 70 ekskursijas un aktivit\u0101tes k\u0101 R\u012bg\u0101, t\u0101 vis\u0101 Latvij\u0101. Vair\u0101k inform\u0101cijas <a href=\"http:\/\/www.redfoxtours.eu\" target=\"_blank\" rel=\"noopener\">www.redfoxtours.eu<\/a> k\u0101 ar\u012b zvanot <a href=\"tel:+37129376677\">+371 29376677<\/a> vai rakstot epastu uz <a href=\"mailto:info@redfoxtours.eu\">info@redfoxtours.eu<\/a><\/p>\r\n\t<\/div>\r\n<\/div>\r\n<a name=\"offer-1\"><\/a>\r\n<div class=\"row\">\r\n\t<div class=\"col-xs-12 col-sm-4\">\r\n\t\t<a href=\"https:\/\/www.lido.lv\/lv\/restorani-un-veikali\/lido-gertrude\" target=\"_blank\" rel=\"noopener\"> <img decoding=\"async\" src=\"\/wp-content\/uploads\/2017\/04\/Final_LVwebsite.jpg\" alt=\"\/wp-content\/uploads\/2017\/04\/Final_LVwebsite.jpg\" \/><\/a>\r\n\t<\/div>\r\n\t<div class=\"col-xs-12 col-sm-8\">\r\n\t\t<a href=\"https:\/\/www.lido.lv\/lv\/restorani-un-veikali\/lido-gertrude\" target=\"_blank\" rel=\"noopener\"><h3 class=\"service-title\">Pagar\u0161ojiet latvie\u0161u tradicion\u0101los \u0113dienus par \u012bpa\u0161\u0101m cen\u0101m<\/h3><\/a>\r\n\t\t<p style=\"text-align: justify;\">Tikai RIGAAPARTMENT viesi var baud\u012bt visus \u0113die\u0146us un dz\u0113rie\u0146us restor\u0101n\u0101 &#8220;LIDO GERTRUDE&#8221;, \u0122ertr\u016bdes iel\u0101 54, ar \u012bpa\u0161o 10% atlaidi. Atlaides neattiecas uz &#8220;pusdienu pied\u0101v\u0101jumu&#8221; un alkoholiskajiem dz\u0113rieniem.\r\n\t\t\t<p>Atlaides kuponus un papildu inform\u0101ciju l\u016bdzu jaut\u0101jiet m\u016bsu recepcijas darbiniekiem!\r\n\t\t\t<br>&#8220;LIDO GERTRUDE&#8221; darba laiks: Pirmdiena \u2013 Piektdiena no 10:00 l\u012bdz 20:00.<\/p>\r\n\t<\/div>\r\n<\/div>\r\n<a name=\"offer-8\"><\/a>\r\n<div class=\"row\">\r\n\t<div class=\"col-xs-12 col-sm-4\"><img decoding=\"async\" src=\"\/wp-content\/uploads\/2016\/08\/corporate.jpg\" alt=\"\/wp-content\/uploads\/2016\/08\/corporate.jpg\" \/><\/div>\r\n\t<div class=\"col-xs-12 col-sm-8\">\r\n\t\t<h3 class=\"service-title\">Pied\u0101v\u0101jums uz\u0146\u0113mumiem<\/h3>\r\n\t\t<p style=\"text-align: justify;\">Aicin\u0101m j\u016bs pievienoties m\u016bsu korporat\u012bv\u0101s sadarb\u012bbas programmai.\r\n        Tas ir pieejams visiem uz\u0146\u0113mumiem, tostarp ar\u012b ce\u013cojumu un nekustamo \u012bpa\u0161umu uz\u0146\u0113mumiem.\r\n        Jebkur\u0161 juridiski re\u0123istr\u0113ts uz\u0146\u0113mums sa\u0146em papildu 10% atlaidi (vai t\u0101 tiks uzskat\u012bta par komisijas maksu) no m\u016bsu parast\u0101s \u012bres cenas.\r\n        Vien\u012bgais, kas jums j\u0101dara \u2013 j\u0101paraksta sadarb\u012bbas l\u012bgums. Lai sa\u0146emtu pla\u0161\u0101ku inform\u0101ciju, l\u016bdzam sazin\u0101ties ar m\u016bsu korporat\u012bvo klientu vad\u012bt\u0101ju pa e-pastu: <a href=\"mailto:elena@rigaapartment.com\">elena@rigaapartment.com<\/a><\/p>\r\n\t<\/div>\r\n<\/div>\r\n<a name=\"offer-4\"><\/a>\r\n<div class=\"row\">\r\n\t<div class=\"col-xs-12 col-sm-4\"><img decoding=\"async\" src=\"\/wp-content\/uploads\/2016\/11\/early_booking.jpg\" alt=\"\/wp-content\/uploads\/2016\/11\/early_booking.jpg\" \/><\/div>\r\n\t<div class=\"col-xs-12 col-sm-8\">\r\n\t\t<h3 class=\"service-title\">10% atlaide viesiem, kuri veiku\u0161i rezerv\u0101ciju 60 un vair\u0101k dienu iepriek\u0161!<\/h3>\r\n\t\t<p style=\"text-align: justify;\">Izv\u0113l\u0113ties k\u0101du no m\u016bsu \u012bstermi\u0146a \u012bres dz\u012bvok\u013ciem R\u012bg\u0101 un sa\u0146emiet 10% atlaidi, ja veicat rezerv\u0101ciju 60 vai vair\u0101k dienu iepriek\u0161.\r\n        <p>Veiciet rezerv\u0101ciju tie\u0161i t\u012bmek\u013ca vietn\u0113 vai sazinieties ar mums, lai sa\u0146emtu s\u012bk\u0101ku inform\u0101ciju.\r\n        <\/p>\r\n\t<\/div>\r\n<\/div>\r\n<a name=\"offer-5\"><\/a>\r\n<div class=\"row\">\r\n\t<div class=\"col-xs-12 col-sm-4\"><img decoding=\"async\" src=\"\/wp-content\/uploads\/2016\/08\/temp_slide_family.jpg\" alt=\"\/wp-content\/uploads\/2016\/08\/temp_slide_family.jpg\" \/><\/div>\r\n\t<div class=\"col-xs-12 col-sm-8\">\r\n\t\t<h3 class=\"service-title\">\u0122imenes br\u012bvdienas<\/h3>\r\n\t\t<p style=\"text-align: justify;\">Vai jums ir liela \u0123imene?\r\n        M\u016bsu dz\u012bvok\u013ci ir lab\u0101k\u0101 izv\u0113le \u0123imen\u0113m!\r\n        M\u0113s laipni aicin\u0101m visus b\u0113rnus!\r\n        <p>Viens b\u0113rns l\u012bdz 2 gadu vecumam var nak\u0161\u0146ot b\u0113rnu gulti\u0146\u0101 bez maksas.\r\n        Maksim\u0101lais papildu gultu skaits dz\u012bvok\u013c\u012b ir 1. Viens b\u0113rns l\u012bdz 12 gadu vecumam uzturas bez maksas &#8220;\u0122IMENES&#8221; apartament\u0101, ja izmanto eso\u0161\u0101s gultas.\r\n        <p>Jebk\u0101da veida papildu gultas vai b\u0113rna gulti\u0146as ir pieejamas tikai p\u0113c piepras\u012bjuma un pakalpojuma apstiprin\u0101\u0161anas.\r\n        Papildu pakalpojumi netiek autom\u0101tiski apr\u0113\u0137in\u0101ti un iek\u013cauti kop\u0113j\u0101s izmaks\u0101s, par tiem b\u016bs j\u0101nor\u0113\u0137in\u0101s atsevi\u0161\u0137i uztur\u0113\u0161an\u0101s laik\u0101.\r\n        <\/p>\r\n\t<\/div>\r\n<\/div>\r\n<!--\r\n<a name=\"offer-6\"><\/a>\r\n<div class=\"row\">\r\n\t<div class=\"col-xs-12 col-sm-4\"><img decoding=\"async\" src=\"\/wp-content\/uploads\/2017\/04\/HEAD_SPA_PROMO_LAT.jpg\" alt=\"\/wp-content\/uploads\/2017\/04\/HEAD_SPA_PROMO_LAT.jpg\" \/><\/div>\r\n\t<div class=\"col-xs-12 col-sm-8\">\r\n\t\t<h3 class=\"service-title\">Ekskluz\u012bvi mas\u0101\u017eas pied\u0101v\u0101jumi tie\u0161i j\u016bsu apartament\u0101<\/h3>\r\n\t\t<p style=\"text-align: justify;\">Izbaudiet relaks\u0113jo\u0161u mas\u0101\u017eu j\u016bsu apartament\u0101!\r\n        Mas\u0101\u017eas veidu izv\u0113le ir pieejama re\u0123istrat\u016br\u0101.\r\n        Rezerv\u0113jiet pakalpojumu iera\u0161an\u0101s dien\u0101 un sa\u0146emiet 10% atlaidi. Inform\u0101cija par cen\u0101m ir \u0161eit: <a href=\"http:\/\/headspa.lv\/lv\/pakalpojumi\/\" target=\"_blank\" rel=\"noopener\">www.headspa.lv<\/a>  <p>Jaut\u0101jiet pla\u0161\u0101ku inform\u0101ciju musu viesu uz\u0146\u0113m\u0161ana viet\u0101 vai sazinieties ar mums pa e-pastu.<\/p>\r\n\t<\/div>\r\n<\/div>\r\n<a name=\"offer-7\"><\/a>\r\n<div class=\"row\">\r\n\t<div class=\"col-xs-12 col-sm-4\"><a href=\"http:\/\/www.elisangespa.lv\/lv\/\" target=\"_blank\" rel=\"noopener\"><img decoding=\"async\" src=\"\/wp-content\/uploads\/2017\/04\/Elisange_LV.jpg\" alt=\"\/wp-content\/uploads\/2017\/04\/Elisange_LV.jpg\" \/><\/a><\/div>\r\n\t<div class=\"col-xs-12 col-sm-8\">\r\n\t\t<a href=\"http:\/\/www.elisangespa.lv\/lv\/\" target=\"_blank\" rel=\"noopener\"><h3 class=\"service-title\">Bonusu kartes jebkurai ELISANGE SPA proced\u016brai<\/h3><\/a>\r\n\t\t<p style=\"text-align: justify;\">Tikai RIGAAPARTMENT viesiem!\r\n        Sa\u0146emiet bonusu karti 5\u201320 eiro v\u0113rt\u012bb\u0101 jebkuram Elisange SPA pakalpojumam.\r\n        Elisange SPA ir harmonijas un miera o\u0101ze ikdienas pils\u0113tas burzmas un steigas.\r\n        T\u0101 ir vieta, kur profesion\u0101li kosmetologi un masieri par\u016bp\u0113sies par j\u016bsu \u0137ermeni un dv\u0113seli, veicot da\u017e\u0101das spa proced\u016bras. Lasiet vair\u0101k par SPA <a href=\"http:\/\/www.elisangespa.lv\/lv\/\" target=\"_blank\" rel=\"noopener\">www.elisangespa.lv<\/a> <p>Papildu inform\u0101ciju, l\u016bdzu jaut\u0101jiet m\u016bsu uz\u0146em\u0161anas administratoriem!<\/p>\r\n\t<\/div>\r\n<\/div>\r\n-->","protected":false},"excerpt":{"rendered":"\ud83c\udf42 Rudens R\u012bg\u0101 ar komfortu! No 1. septembra l\u012bdz 30. novembrim 2025. gad\u0101 sviniet rudeni romantiskaj\u0101 R\u012bg\u0101! Izmantojiet rekl\u0101mas kodu RUDENS, veicot rezerv\u0101ciju m\u016bsu m\u0101jaslap\u0101 rigaapartment.com un sa\u0146emiet: \ud83c\udf1f 7% atlaidi nak\u0161\u0146o\u0161anai un D\u0100VAN\u0100 \ud83d\ude97 Bezmaksas autost\u0101vvietu vai \ud83d\ude8c Bezmaksas transf\u0113ru Izv\u0113lieties, kas jums \u0113rt\u0101k! Jums pat\u012bk aktivit\u0101tes: Kartings, Pinball, Aerodium un citi? Vai j\u016bs [&hellip;]","protected":false},"author":1,"featured_media":0,"parent":0,"menu_order":89,"comment_status":"closed","ping_status":"closed","template":"","meta":{"_acf_changed":false,"footnotes":""},"acf":[],"_links":{"self":[{"href":"https:\/\/rigaapartment.com\/lv\/wp-json\/wp\/v2\/pages\/1815"}],"collection":[{"href":"https:\/\/rigaapartment.com\/lv\/wp-json\/wp\/v2\/pages"}],"about":[{"href":"https:\/\/rigaapartment.com\/lv\/wp-json\/wp\/v2\/types\/page"}],"author":[{"embeddable":true,"href":"https:\/\/rigaapartment.com\/lv\/wp-json\/wp\/v2\/users\/1"}],"replies":[{"embeddable":true,"href":"https:\/\/rigaapartment.com\/lv\/wp-json\/wp\/v2\/comments?post=1815"}],"version-history":[{"count":31,"href":"https:\/\/rigaapartment.com\/lv\/wp-json\/wp\/v2\/pages\/1815\/revisions"}],"predecessor-version":[{"id":11637,"href":"https:\/\/rigaapartment.com\/lv\/wp-json\/wp\/v2\/pages\/1815\/revisions\/11637"}],"wp:attachment":[{"href":"https:\/\/rigaapartment.com\/lv\/wp-json\/wp\/v2\/media?parent=1815"}],"curies":[{"name":"wp","href":"https:\/\/api.w.org\/{rel}","templated":true}]}}