{"id":1813,"date":"2016-12-07T13:40:14","date_gmt":"2016-12-07T13:40:14","guid":{"rendered":"https:\/\/rigaapartment.com\/title-pagelv\/"},"modified":"2018-07-30T13:19:37","modified_gmt":"2018-07-30T13:19:37","slug":"gertruda-rooms","status":"publish","type":"page","link":"https:\/\/rigaapartment.com\/lv\/gertruda-rooms\/","title":{"rendered":"IZMITIN\u0100\u0160ANA STUDENTIEM I GERTRUDA ISTABAS"},"content":{"rendered":"<div class=\"container\">\r\n\t<div id=\"accordion\" class=\"panel-group\">\r\n\t\t<div class=\"panel panel-default\">\r\n\t\t\t<div class=\"panel-heading\">\r\n\t\t\t\t<h4 class=\"panel-title\"><a href=\"#collapse1\" data-toggle=\"collapse\" data-parent=\"#accordion\">Bud\u017eeta izmitin\u0101\u0161ana studentiem R\u012bgas centr\u0101<\/a><\/h4> <\/div>\r\n\t\t\t<div id=\"collapse1\" class=\"panel-collapse collapse in\">\r\n\t\t\t\t<div class=\"panel-body\">\r\n\t\t\t\t\t<p>Latvij\u0101 studentu \u012bpatsvars pret iedz\u012bvot\u0101ju daudzumu ir tre\u0161ais liel\u0101kais pasaul\u0113. \u0160eit ir \u013coti daudz senas un jaunas m\u0101c\u012bbu iest\u0101des, kur\u0101s ir iesp\u0113jams stud\u0113t medic\u012bnu, biznesu, jurispundenci, m\u0101kslu, humanit\u0101r\u0101s zin\u0101tnes, in\u017eeniertehnisk\u0101s zin\u0101tnes un daudz ko citu. Par cik m\u016bsu studentu valst\u012b ir k\u013cuvis maz\u0101k, aug stud\u0113jo\u0161o skaits, kas ierodas no \u0101rzem\u0113m. Tikai p\u0113d\u0113jo tr\u012bs gadu lak\u0101 to skaits ir dubultojies un visiem ir aktu\u0101li atrast vietu kur dzivot.<\/p>\r\n\t\t\t\t\t<p>Stud\u0113t uz R\u012bgu brauc jaunatne no daudz\u0101m valst\u012bm un Krievija nav iz\u0146\u0113mums. Tam ir daudzi iemesli:<\/p>\r\n\t\t\t\t\t<ul>\r\n\t\t\t\t\t\t<li>Pieejamas cenas<\/li>\r\n\t\t\t\t\t\t<li>Ned\u0101rgas izmitin\u0101\u0161an\u0101s iesp\u0113jas<\/li>\r\n\t\t\t\t\t\t<li>Izplat\u012bta krievu valoda<\/li>\r\n\t\t\t\t\t\t<li>Skaista un ar bag\u0101tu v\u0113sture pils\u0113ta<\/li>\r\n\t\t\t\t\t\t<li>Maigs klimats<\/li>\r\n\t\t\t\t\t<\/ul>\r\n\t\t\t\t<\/div>\r\n\t\t\t<\/div>\r\n\t\t<\/div>\r\n\t\t<div class=\"panel panel-default\">\r\n\t\t\t<div class=\"panel-heading\">\r\n\t\t\t\t<h4 class=\"panel-title\"><a href=\"#collapse2\" data-toggle=\"collapse\" data-parent=\"#accordion\">Kur students var uztur\u0113ties R\u012bg\u0101?<\/a><\/h4> <\/div>\r\n\t\t\t<div id=\"collapse2\" class=\"panel-collapse collapse\">\r\n\t\t\t\t<div class=\"panel-body\">\r\n\t\t\t\t\t<p>Visu gadu \u0113rtus dz\u012bvok\u013cus un istabas par pieejam\u0101m cen\u0101m j\u016bs atrad\u012bsiet Apartamentu viesn\u012bc\u0101 RIGAAPARTMENT GERTRUDA. Apartamenti atrodas centr\u0101laj\u0101 pils\u0113tas da\u013c\u0101, k\u0101 vairums m\u0101c\u012bbu iest\u0101\u017eu. Pastaigas att\u0101lum\u0101 atrodas Latvijas Universit\u0101te, R\u012bgas tehnisk\u0101 universit\u0101te un Stokholmas ekonomikas augstskola, kur\u0101s m\u0101c\u0101s vairums studentu. Infrastrukt\u016bra un apk\u0101rtne ir lieliski att\u012bst\u012bta \u2013 j\u016bs atrad\u012bsiet visu, kas jums ir nepiecie\u0161ams.<\/p>\r\n\t\t\t\t\t<ul>\r\n\t\t\t\t\t\t<li>Lai nopirktu dr\u0113bes, p\u0101rtiku un citas lietas, jums nekur nepien\u0101ksies braukt \u2013 to visu var ieg\u0101daties apk\u0101rt eso\u0161ajos veikalos vai R\u012bgas centr\u0101ltirg\u016b.<\/li>\r\n\t\t\t\t\t\t<li>Neskait\u0101mas kafejn\u012bcas un nakts klubi ne\u013caus jums skumt p\u0113c m\u0101j\u0101m un vienm\u0113r b\u016bs vieta kur atp\u016bsties un iepaz\u012bties ar jauniem cilvekiem<\/li>\r\n\t\t\t\t\t\t<li>No RigaApartment dz\u012bvok\u013ciem l\u012bdz centr\u0101lajai dzelzce\u013ca stacijai un autoostai var aizbraukt 5 min\u016b\u0161u laik\u0101, l\u012bdz R\u012bgas lidostai \u2013 20 min\u016b\u0161u laik\u0101.<\/li>\r\n\t\t\t\t\t\t<li>Slaven\u0101 vecr\u012bga ir lieliska vieta pastaig\u0101m ar draugiem vai ciemos atbrauku\u0161ajiem tuviniekiem.<\/li>\r\n\t\t\t\t\t<\/ul>\r\n\t\t\t\t\t<p>Veiksm\u012bga atra\u0161an\u0101s vieta &#8211; t\u0101 nav vien\u012bg\u0101 RigaApartment priek\u0161roc\u012bba. Jums patiks dz\u012bvot m\u016bsu apartamentu viesn\u012bc\u0101. T\u0101 ir renov\u0113ta veclaic\u012bga \u0113ka ar augstiem griestiem un m\u016bsdien\u012bgu interjeru istab\u0101s. \u0160eit ir viss paredz\u0113ts lai studentiem b\u016btu \u0113rti \u2013 \u0113rtas gultas ar naktsskap\u012b\u0161iem un nakstlamp\u0101m, galdi lai m\u0101c\u012btos, skapji mant\u0101m.<\/p>\r\n\t\t\t\t\t<p>Viesn\u012bca RIGAAPARTMENT pied\u0101va istabas un atsevi\u0161\u0137us dz\u012bvok\u013cus priek\u0161 studentiem R\u012bg\u0101. \u012apa\u0161i popul\u0101ras ir istabas, kas ir paredz\u0113tas div\u0101m vai trij\u0101m personam. M\u0113s sekojam l\u012bdzi tam lai z\u0113ni un meitenes tiktu izmitin\u0101ti atsevi\u0161\u0137i. Katr\u0101 st\u0101v\u0101 atrodas lieliski apr\u012bkota, pla\u0161a virtuve, divas vannas istabas un atsevi\u0161\u0137as tualetes. Viss ir paredz\u0113ts uz 5-6 istab\u0101m un vienm\u0113r atrodas nevainojam\u0101 st\u0101vokl\u012b. J\u016bs var\u0113siet lietot ve\u013cas ma\u0161\u012bnu un f\u0113nu, virtuv\u0113 ir ar\u012b televizors. Bezmaksas Wi-Fi noder\u0113s gan m\u0101c\u012bb\u0101m, gan komunik\u0101cijai.<\/p>\r\n\t\t\t\t<\/div>\r\n\t\t\t<\/div>\r\n\t\t<\/div>\r\n\t\t<div class=\"panel panel-default\">\r\n\t\t\t<div class=\"panel-heading\">\r\n\t\t\t\t<h4 class=\"panel-title\"><a href=\"#collapse3\" data-toggle=\"collapse\" data-parent=\"#accordion\">Papildu pakalpojumi RIGAAPARTMENT GERTRUDA<\/a><\/h4> <\/div>\r\n\t\t\t<div id=\"collapse3\" class=\"panel-collapse collapse\">\r\n\t\t\t\t<div class=\"panel-body\">\r\n\t\t\t\t\t<p>M\u0113s cen\u0161amies lai j\u016bsu iera\u0161an\u0101s Latvij\u0101 b\u016btu komfortabla un paliktu tikai pat\u012bkamas atmi\u0146as. Nev\u0113laties mekl\u0113t m\u016bsu viesn\u012bcu ierodoties R\u012bg\u0101? Pazi\u0146ojiet mums j\u016bsu iera\u0161an\u0101s datumu un personu skaitu un m\u0113s jums organiz\u0113sim transf\u0113ru. Uzreiz p\u0113c iera\u0161an\u0101s j\u016bs uzreiz nok\u013c\u016bsiet sav\u0101 dz\u012bvokl\u012b vai istab\u0101. V\u0113laties lab\u0101k uzzin\u0101t savu jauno dz\u012bvesvietu? M\u0113s b\u016bsm priec\u012bgi jums nodro\u0161in\u0101t iepaz\u012b\u0161an\u0101s ekskursiju studentiem, gida pavad\u012bb\u0101. Dodiet priek\u0161roku nesteidz\u012bgi iepaz\u012bt visu pa\u0161i? Gada siltajos m\u0113ne\u0161os m\u0113s jums varam pied\u0101v\u0101t iznom\u0101t velosip\u0113du \u2013 ar tiem ir \u013coti \u0113rti p\u0101rvietoties pa R\u012bgu.<\/p>\r\n\t\t\t\t\t<p>Cenas dz\u012bvok\u013ciem un istab\u0101m priek\u0161 studentiem ir \u013coti pieejamas, t\u0101p\u0113c piepras\u012bjums ir \u013coti liels. T\u0101d\u0113\u013c, planojot ierasties, rezerv\u0113jiet sev vietu laic\u012bgi. Grie\u017eaties pie mums 60 dienas iepriek\u0161 vai \u0101tr\u0101k un ieg\u016bsties 10% atlaidi.<\/p>\r\n\t\t\t\t<\/div>\r\n\t\t\t<\/div>\r\n\t\t<\/div>\r\n\t<\/div>\r\n<\/div>","protected":false},"excerpt":{"rendered":"Bud\u017eeta izmitin\u0101\u0161ana studentiem R\u012bgas centr\u0101 Latvij\u0101 studentu \u012bpatsvars pret iedz\u012bvot\u0101ju daudzumu ir tre\u0161ais liel\u0101kais pasaul\u0113. \u0160eit ir \u013coti daudz senas un jaunas m\u0101c\u012bbu iest\u0101des, kur\u0101s ir iesp\u0113jams stud\u0113t medic\u012bnu, biznesu, jurispundenci, m\u0101kslu, humanit\u0101r\u0101s zin\u0101tnes, in\u017eeniertehnisk\u0101s zin\u0101tnes un daudz ko citu. Par cik m\u016bsu studentu valst\u012b ir k\u013cuvis maz\u0101k, aug stud\u0113jo\u0161o skaits, kas ierodas no \u0101rzem\u0113m. [&hellip;]","protected":false},"author":1,"featured_media":0,"parent":0,"menu_order":90,"comment_status":"closed","ping_status":"closed","template":"page-template-category.php","meta":{"_acf_changed":false,"footnotes":""},"acf":[],"_links":{"self":[{"href":"https:\/\/rigaapartment.com\/lv\/wp-json\/wp\/v2\/pages\/1813"}],"collection":[{"href":"https:\/\/rigaapartment.com\/lv\/wp-json\/wp\/v2\/pages"}],"about":[{"href":"https:\/\/rigaapartment.com\/lv\/wp-json\/wp\/v2\/types\/page"}],"author":[{"embeddable":true,"href":"https:\/\/rigaapartment.com\/lv\/wp-json\/wp\/v2\/users\/1"}],"replies":[{"embeddable":true,"href":"https:\/\/rigaapartment.com\/lv\/wp-json\/wp\/v2\/comments?post=1813"}],"version-history":[{"count":52,"href":"https:\/\/rigaapartment.com\/lv\/wp-json\/wp\/v2\/pages\/1813\/revisions"}],"predecessor-version":[{"id":5483,"href":"https:\/\/rigaapartment.com\/lv\/wp-json\/wp\/v2\/pages\/1813\/revisions\/5483"}],"wp:attachment":[{"href":"https:\/\/rigaapartment.com\/lv\/wp-json\/wp\/v2\/media?parent=1813"}],"curies":[{"name":"wp","href":"https:\/\/api.w.org\/{rel}","templated":true}]}}