{"id":1810,"date":"2017-01-27T10:56:34","date_gmt":"2017-01-27T10:56:34","guid":{"rendered":"https:\/\/rigaapartment.com\/banketi-konferencu-zale\/"},"modified":"2018-08-27T12:05:28","modified_gmt":"2018-08-27T12:05:28","slug":"banketi-konferencu-zale","status":"publish","type":"page","link":"https:\/\/rigaapartment.com\/lv\/banketi-konferencu-zale\/","title":{"rendered":"Banketi | Konferen\u010du z\u0101le"},"content":{"rendered":"<div class=\"container\">\r\n\t<h3 class=\"service-title\">Rezerv\u0113jiet RIGAAPARTMENT SONADA banketu\/konferen\u010du z\u0101li <a href=\"https:\/\/www.thebookingbutton.co.uk\/properties\/rigaapartmentsonada\/book?locale=en&#038;number_adults=1&#038;rooms=117422\" target=\"_blank\" rel=\"noopener\">tie\u0161saist\u0113<\/a> vai pa t\u0101lruni <a href=\"tel:+37125461546\">+371 2546 1546<\/a><\/h3>\r\n\t<ul>\r\n\t\t<li>M\u016bsu kompakt\u0101 banketu\/konferen\u010du z\u0101le RIGAAPARTMENT SONADA telp\u0101s var uz\u0146emt l\u012bdz 30 cilv\u0113kiem.<\/li>\r\n\t\t<li>T\u0101 ir \u0113rti savienota ar iek\u0101rtotu virtuvi, k\u0101 ar\u012b atsevi\u0161\u0137u ieeju.<\/li>\r\n\t\t<li>P\u0101rtiku un dz\u0113rienus var sagatavot blakus eso\u0161aj\u0101 virtuv\u0113 un ienest konferen\u010du z\u0101l\u0113.<\/li>\r\n\t\t<li>Ja nepiecie\u0161ams, var uzst\u0101d\u012bt ar\u012b projektorus un audio apr\u012bkojumu (tos izsniedz p\u0113c piepras\u012bjuma par papildu maksu).<\/li>\r\n\t\t<li>Z\u0101li var rezerv\u0113t katru dienu no plkst. 10:00 l\u012bdz 23:00. Nepiecie\u0161ama rezerv\u0101cija.<\/li>\r\n\t\t<li>Maksa par vienu pas\u0101kumu ir 30 eiro darba dien\u0101 vai 45 eiro ned\u0113\u013cas nogal\u0113.<\/li>\r\n\t\t<li>P\u0113c iera\u0161an\u0101s j\u0101samaks\u0101 atmaks\u0101jams dro\u0161\u012bbas depoz\u012bts 100 eiro apm\u0113r\u0101.<\/li>\r\n\t<\/ul>\r\n<\/div>\r\n<!--<div class=\"row\">\r\n\t<div class=\"col-md-3\">\r\n\t\t<div class=\"v_align_wrap\">\r\n\t\t\t<div class=\"v_align\">\r\n\t\t\t\t<iframe loading=\"lazy\" src=\"https:\/\/www.thebookingbutton.co.uk\/property_groups\/rigaapartment\/region_widget\" height=\"305\" width=\"100%\" frameborder=\"0\" scrolling=\"no\" allowtransparency=\"true\"><\/iframe>\r\n\t\t\t<\/div>\r\n\t\t<\/div>\r\n\t<\/div>\r\n\t<div class=\"col-md-9\"> [rev_slider alias=\"Banquet-Conference-hall\"] <\/div>\r\n<\/div>-->","protected":false},"excerpt":{"rendered":"Rezerv\u0113jiet RIGAAPARTMENT SONADA banketu\/konferen\u010du z\u0101li tie\u0161saist\u0113 vai pa t\u0101lruni +371 2546 1546 M\u016bsu kompakt\u0101 banketu\/konferen\u010du z\u0101le RIGAAPARTMENT SONADA telp\u0101s var uz\u0146emt l\u012bdz 30 cilv\u0113kiem. T\u0101 ir \u0113rti savienota ar iek\u0101rtotu virtuvi, k\u0101 ar\u012b atsevi\u0161\u0137u ieeju. P\u0101rtiku un dz\u0113rienus var sagatavot blakus eso\u0161aj\u0101 virtuv\u0113 un ienest konferen\u010du z\u0101l\u0113. Ja nepiecie\u0161ams, var uzst\u0101d\u012bt ar\u012b projektorus un audio [&hellip;]","protected":false},"author":1,"featured_media":0,"parent":0,"menu_order":38,"comment_status":"closed","ping_status":"closed","template":"template-pages\/apartment.php","meta":{"_acf_changed":false,"footnotes":""},"acf":[],"_links":{"self":[{"href":"https:\/\/rigaapartment.com\/lv\/wp-json\/wp\/v2\/pages\/1810"}],"collection":[{"href":"https:\/\/rigaapartment.com\/lv\/wp-json\/wp\/v2\/pages"}],"about":[{"href":"https:\/\/rigaapartment.com\/lv\/wp-json\/wp\/v2\/types\/page"}],"author":[{"embeddable":true,"href":"https:\/\/rigaapartment.com\/lv\/wp-json\/wp\/v2\/users\/1"}],"replies":[{"embeddable":true,"href":"https:\/\/rigaapartment.com\/lv\/wp-json\/wp\/v2\/comments?post=1810"}],"version-history":[{"count":9,"href":"https:\/\/rigaapartment.com\/lv\/wp-json\/wp\/v2\/pages\/1810\/revisions"}],"predecessor-version":[{"id":8487,"href":"https:\/\/rigaapartment.com\/lv\/wp-json\/wp\/v2\/pages\/1810\/revisions\/8487"}],"wp:attachment":[{"href":"https:\/\/rigaapartment.com\/lv\/wp-json\/wp\/v2\/media?parent=1810"}],"curies":[{"name":"wp","href":"https:\/\/api.w.org\/{rel}","templated":true}]}}