{"id":1809,"date":"2017-01-27T10:56:29","date_gmt":"2017-01-27T10:56:29","guid":{"rendered":"https:\/\/rigaapartment.com\/title-pagelv\/"},"modified":"2023-04-11T13:34:09","modified_gmt":"2023-04-11T13:34:09","slug":"%ef%bb%bfpar-sonada","status":"publish","type":"page","link":"https:\/\/rigaapartment.com\/lv\/%ef%bb%bfpar-sonada\/","title":{"rendered":"\ufeffPar Sonada"},"content":{"rendered":"<div class=\"row\">\r\n\t<div class=\"col-xs-12 col-sm-12\">\r\n\t\t<p>\r\n\t\t\t<a href=\"https:\/\/hotels.cloudbeds.com\/en\/reservation\/Ll8XB5\" target=\"_blank\" class=\"service-btn\" rel=\"noopener\"> <span>P\u0101rbaud\u012bt cenas un rezerv\u0113t<\/span> <\/a>\r\n\t\t<\/p>\r\n\t<\/div>\r\n<\/div>\r\n<div class=\"col-md-9\">\r\n\t<div class=\"row\">\r\n\t\t<div class=\"col-xs-12\">\r\n\t\t\t<h2 class=\"service-title\">Trad\u012bcijas un pieredze<\/h2> <\/div>\r\n\t<\/div>\r\n\t<div class=\"row\">\r\n\t\t<div class=\"col-xs-12\">\r\n\t\t\t<p style=\"text-align: justify;\">RIGAAPARTMENT SONADA \u0113ka atrodas \u0122ERTR\u016aDES iel\u0101 129, R\u012bg\u0101. Tas ir tikai 20 min\u016b\u0161u g\u0101jiena vai 10 min\u016b\u0161u brauciena no popul\u0101r\u0101s un skaist\u0101s Vecr\u012bgas. Ar\u012b b\u0101ri un restor\u0101ni ir viegli sasniedzam\u0101 att\u0101lum\u0101. RIGAAPARTMENT SONADA apartamentu viesn\u012bca atrodas piln\u012bb\u0101 restaur\u0113t\u0101 v\u0113sturisk\u0101 \u0113k\u0101 ar augstiem griestiem. Visas telpas ir ergonomiskas un praktiskas ar modern\u0101m m\u0113bel\u0113m un apr\u012bkojumu. Reinov\u0113t\u0101 \u0113k\u0101 izveidoti viesn\u012bcas numuri ar extra apr\u012bkojumu un piln\u012bb\u0101 autonomi vienas vai divu gu\u013camistabu dz\u012bvok\u013ci ar visu, kas nepiecie\u0161ams J\u016bsu uztur\u0113\u0161an\u0101s laik\u0101.\r\n            <\/p>\r\n\t\t\t<p style=\"text-align: justify;\">J\u016bsu \u0113rt\u012bb\u0101m \u0113kas teritorij\u0101 ier\u012bkota dro\u0161a, priv\u0101t\u0101 autost\u0101vvieta ar iebrauk\u0161anu no VALMIERAS iela 5. Pieejama bag\u0101\u017eas telpa, k\u0101 ar\u012b transports uz lidostu un no t\u0101s. Brauciena laiks no lidostas l\u012bdz viesn\u012bcai ir aptuveni 20 min\u016btes. R\u012bgas Centr\u0101l\u0101 Dzelzce\u013ca stacija un Autoosta atrodas 5 min\u016b\u0161u brauciena ar taksometru. Atra\u0161an\u0101s vietas un virzienus skatieties <a href=\"\/location-sonada\/\" target=\"_blank\" rel=\"noopener\">kart\u0113<\/a>.<\/p>\r\n\t\t<\/div>\r\n\t<\/div>\r\n\t<div class=\"row\">\r\n\t\t<div class=\"col-xs-12 col-sm-4\"> <img decoding=\"async\" src=\"\/wp-content\/uploads\/2016\/08\/g129_about_photo1.jpg\" alt=\"\/wp-content\/uploads\/2016\/08\/g129_about_photo1.jpg\"><\/div>\r\n\t\t<div class=\"col-xs-12 col-sm-8\">\r\n\t\t\t<div class=\"divider-space\" style=\"padding-top: 15px;\"><\/div>\r\n\t\t\t<p style=\"text-align: justify;\"><em>M\u0113s rup\u0113jamies par katru J\u016bsu ce\u013cojuma aspektu!<\/p>\r\n\r\n<p>M\u016bms ir: dro\u0161a priv\u0101t\u0101 autost\u0101vvieta J\u016bsu automa\u0161\u012bnai, bag\u0101\u017eas telpa J\u016bsu \u010demod\u0101niem, \u0101ra sp\u0113\u013cu laukums J\u016bsu b\u0113rniem un pla\u0161s pakalpojumu un \u012bpa\u0161u pied\u0101v\u0101jumu kl\u0101sts Jums, lai piln\u012bb\u0101 izbaud\u012bt uztur\u0113\u0161anos R\u012bg\u0101!\r\n\r\n<p>Visu, ko dar\u0101m, m\u0113s dar\u0101m priek\u0161 Jums!\r\n<\/em><\/p>\r\n\t\t\t<p style=\"text-align: right;\">RIGAAPARTMENT SONADA komanda<\/p>\r\n\t\t<\/div>\r\n\t<\/div>\r\n\t<div class=\"row\">\r\n\t\t<div class=\"col-xs-12\">\r\n\t\t\t<div class=\"divider-space\" style=\"padding-top: 20px;\"><\/div>\r\n\t\t<\/div>\r\n\t<\/div>\r\n\t<div class=\"row\">\r\n\t\t<div class=\"col-xs-12\">\r\n\t\t\t<h2 class=\"service-title\">RIGAAPARTMENT SONADA Aparthotel \u0113rtais izvietojums<\/h2> <\/div>\r\n\t<\/div>\r\n\t<div class=\"row\">\r\n\t\t<div class=\"col-xs-12 col-sm-8\">\r\n\t\t\t<p style=\"text-align: justify;\">R\u012bgas centr\u0101laj\u0101 da\u013c\u0101 var atrast skaisto Sv\u0113t\u0101s \u0122ertr\u016bdes bazn\u012bcu, kas uzcelta 19. gadsimt\u0101. Pateicoties \u0122ertr\u016bdes bazn\u012bcai iela, uz kuras atrodas RIGAAPARTMENT SONADA viesn\u012bca, ir ieguvusi savu nosaukumu. <p>Uz \u0161\u012bs ielas J\u016bs ieraudz\u012bsiet daudz kolor\u012btas \u0113kas un b\u016bves ar 120 gada vecu v\u0113sturi. Viena no \u0161\u0101d\u0101m \u0113k\u0101m ir pati viesn\u012bca, piln\u012bb\u0101 renov\u0113ta un atv\u0113rta musu viesim 2014. gad\u0101.\r\n            <\/p>\r\n\t\t<\/div>\r\n\t\t<div class=\"col-xs-12 col-sm-4\"> <img decoding=\"async\" src=\"\/wp-content\/uploads\/2016\/08\/g129_about_photo2.jpg\" alt=\"\/wp-content\/uploads\/2016\/08\/g129_about_photo2.jpg\"><\/div>\r\n\t<\/div>\r\n\t<div class=\"row\">\r\n\t\t<div class=\"col-xs-12\">\r\n\t\t\t<p style=\"text-align: justify;\">Tikai 15 \u2013 20 min\u016b\u0161u g\u0101jien\u0101 no viesn\u012bcas atrodas slaven\u0101 Vecr\u012bga, kura iek\u013cauta UNESCO aizsarg\u0101jamo objektu sarakst\u0101. Tie\u0161i \u0161eit koncentr\u0113jas vispopul\u0101r\u0101kie apskates objekti \u2013 pilis, v\u0101rti, tor\u0146i, \u0123ildes, uzpirc\u0113ju m\u0101jas un daudzi citi v\u0113stures objekti. Pastaig\u0101joties pa bru\u0123\u0113taj\u0101m ieli\u0146\u0101m J\u016bs iejut\u012bsieties viduslaiku atmosf\u0113r\u0101 un uztais\u012bsiet neskait\u0101mas fotogr\u0101fijas.\r\n            <\/p>\r\n            <p style=\"text-align: justify;\">Ne tikai Vecr\u012bg\u0101, bet ar\u012b p\u0101r\u0113j\u0101 centr\u0101laj\u0101 da\u013c\u0101 J\u016bs atrad\u012bsiet neskait\u0101mas kafejn\u012bcas un konditorijas, veikalus un darbn\u012bcas. Lai nopirktu gar\u0161\u012bgus viet\u0113jos produktus un suven\u012brus, dodieties uz R\u012bgas centr\u0101ltirgu, kas ir slavens ar \u012bpa\u0161u arhitekt\u016bru un iespaid\u012bgiem izm\u0113riem.\r\n            <\/p>\r\n            <p style=\"text-align: justify;\">Ja Jums n\u0101ksies \u0101tri atgrieztiess m\u0101j\u0101s vai doties t\u0101l\u0101k ce\u013cot pa Eiropu vai \u0100ziju. To bez stresa nodro\u0161in\u0101s tuvum\u0101 eso\u0161\u0101 lidosta un Centr\u0101l\u0101 Dzelzce\u013ca stacija. \u0122imen\u0113m ar b\u0113rniem m\u0113s rekomend\u0113jam izmantot dro\u0161us un \u0101trus transf\u0113ra pakalpojumus \u2013 atliek tikai mums piezvan\u012bt un pazi\u0146ot savu iera\u0161an\u0101s laiku un reisa numuru.\r\n            <\/p>\r\n\t\t<\/div>\r\n\t<\/div>\r\n\t<div class=\"row\">\r\n\t\t<div class=\"col-xs-12\">\r\n\t\t\t<h2 class=\"service-title\">RIGAAPARTMENT SONADA \u2013 veclaic\u012bg\u0101 un m\u016bsdienu harmonija<\/h2> <\/div>\r\n\t<\/div>\r\n\t<div class=\"row\">\r\n\t\t<div class=\"col-xs-12\">\r\n\t\t\t<p style=\"text-align: justify;\">M\u016bsu dz\u012bvok\u013ci ir saglab\u0101ju\u0161i augstos griestus un pla\u0161\u0101s telpas, kas rakstur\u012bgas veclaic\u012bg\u0101m telp\u0101m. Kl\u0101t tam J\u016bs atrad\u012bsiet m\u016bsdien\u012bgu, p\u0101rdom\u0101tu dizainu, jaunu tehniku un m\u0113beles. RIGAAPARTMENT SONADA viesiem ne par ko nav j\u0101uztraucas. Dvie\u013ci, trauki, ve\u013cas ma\u0161\u012bna, gludin\u0101\u0161anas piederumi, f\u0113ns un viss cits nepiecie\u0161amais atrodas rokas stiepien\u0101.\r\n            <\/p>\r\n\t\t\t<p style=\"text-align: justify;\">Mes gatavi pied\u0101vat apartamentus gan maz\u0101m, gan liel\u0101m \u0123imen\u0113m. Apartamenti var sev\u012b ietvert vienu vai pat vair\u0101kas gu\u013camistabas. \u0100rpus\u0113 J\u016bs gaida autost\u0101vvieta un norobe\u017eots b\u0113rnu laukums ar batutu siltajos gada m\u0113ne\u0161os, bet banketz\u0101le \u0113kas pagrabst\u0101v\u0101 b\u016bs \u0113rta vieta, kur pavad\u012bt lieliskus \u0123imenes pas\u0101kumus.\r\n            <\/p>\r\n            <p style=\"text-align: justify;\">Atp\u016btu v\u0113l komfortobl\u0101ku un interesant\u0101ku Jums nodro\u0161in\u0101s \u0161ie papildus pakalpojumi:\r\n            <\/p>\r\n            <ul>\r\n            \t<li>Produktu ieg\u0101de pirms J\u016bsu iera\u0161an\u0101s<\/li>\r\n            \t<li>Numura noform\u0113\u0161ana jaunlaul\u0101tajiem<\/li>\r\n            \t<li>Automa\u0161\u012bnu un velosip\u0113du noma<\/li>\r\n            \t<li>Ekskursijas gidu pavad\u012bb\u0101<\/li>\r\n            <\/ul>\r\n            <p style=\"text-align: justify;\">Ja Jums ir vajadz\u012bba p\u0113c kvalit\u0101tivas izmitin\u0101\u0161anas R\u012bgas centr\u0101 par sapr\u0101t\u012bgu naudu, dro\u0161i izv\u0113lieties RIGAAPARTMENT SONADA \u0123imenes apartamentu viesn\u012bca!\r\n            <\/p>\r\n\t\t<\/div>\r\n\t<\/div>\r\n<\/div>\r\n<!-- sidebar -->\r\n<div class=\"col-md-3\">\r\n\t<div class=\"box box_black\">\r\n\t\t<div class=\"inner\">\r\n\t\t\t<h3 class=\"bordered\"><span>Viegli <\/span>M\u016aS ATRAST:<\/h3>\r\n\t\t\t<div class=\"social-box\">\r\n\t\t\t\t<div class=\"row social-facebook\"> <a href=\"https:\/\/www.facebook.com\/rigaapartment\" target=\"_blank\" rel=\"noopener\">facebook.com\/rigaapartment<\/a> <\/div>\r\n\t\t\t\t<!-- <div class=\"row social-skype\"> <a href=\"skype:rigaapartment?call\"><span>Skype ID:rigaapartment<\/span><\/a> <\/div> -->\r\n\t\t\t\t<div class=\"row social-twitter\"> <a href=\"https:\/\/twitter.com\/rigaapartment\" target=\"_blank\" rel=\"noopener\">twitter.com\/rigaapartment<\/a> <\/div>\r\n\t\t\t\t<div class=\"row social-linkedin\"> <a href=\"https:\/\/www.linkedin.com\/in\/rigaapartment\" target=\"_blank\" rel=\"noopener\">linkedin.com\/in\/rigaapartment<\/a> <\/div>\r\n\t\t\t\t<div class=\"row social-instagram\"> <a href=\"https:\/\/www.instagram.com\/_rigaapartment_\/?igshid=YmMyMTA2M2Y%3D\" target=\"_blank\" rel=\"noopener\"><span>instagram.com\/_rigaapartment_<\/span><\/a>  <\/div>\r\n\t\t\t<\/div>\r\n\t\t<\/div>\r\n\t<\/div>\r\n\t<div class=\"box box_gray widget_text\">\r\n\t\t<div class=\"inner\">\r\n\t\t\t<h3 class=\"bordered\">Sazinieties TIE\u0160I ar mums<\/h3>\r\n\t\t\t<div class=\"textwidget\">\r\n\t\t\t\t<p>RIGAAPARTMENT SONADA\r\n\t\t\t\t\t<br> \u0122ertr\u016bdes iela 129, R\u012bga\r\n\t\t\t\t\t<br> Rezerv\u0101cija: <a href=\"tel:+37120060009\">+371 2006 0009<\/a>\r\n\t\t\t\t\t<br> <a href=\"mailto:reservation@rigaapartment.com\">reservation@rigaapartment.com<\/a>\r\n\t\t\t\t\t<br> Recepcija: <a href=\"tel:+37125461546\">+371 2546 1546<\/a>\r\n\t\t\t\t\t<br> <a href=\"mailto:reception@rigaapartment.com\">reception@rigaapartment.com<\/a> \r\n                                        <br> <p>\r\n                                        <br> Recepcijas ikdienas darba laiks ir no plk. 9:00 l\u012bdz plk. 18:00! <\/div>\r\n\t\t<\/div>\r\n\t<\/div>\r\n\t<div class=\"box box_black widget_text\">\r\n\t\t<div class=\"inner\">\r\n\t\t\t<h3 class=\"bordered\"><span>Veikt <\/span>rezerv\u0101ciju<\/h3>\r\n\t\t\t<div class=\"textwidget\">\r\n\t\t\t\t<p><span class=\"text-green\">Nos\u016btiet mums zi\u0146u<\/span>, nor\u0101dot v\u0113lamo istabu veidu, iera\u0161an\u0101s datumu un to, cik naktis v\u0113laties uztur\u0113ties, un m\u0113s ar jums nekav\u0113joties sazin\u0101simies.<\/p>\r\n\t\t\t\t<p>\r\n\t\t\t\t\t<a href=\"\/reservation-SONADA\"><img loading=\"lazy\" decoding=\"async\" class=\"img_widget\" src=\"\/wp-content\/uploads\/2016\/08\/calendar_230.jpg\" alt=\" \" border=\"0\" height=\"63\" width=\"198\"><\/a>\r\n\t\t\t\t<\/p>\r\n\t\t\t<\/div>\r\n\t\t<\/div>\r\n\t<\/div>\r\n<\/div>\r\n<!--\/ sidebar -->","protected":false},"excerpt":{"rendered":"P\u0101rbaud\u012bt cenas un rezerv\u0113t Trad\u012bcijas un pieredze RIGAAPARTMENT SONADA \u0113ka atrodas \u0122ERTR\u016aDES iel\u0101 129, R\u012bg\u0101. Tas ir tikai 20 min\u016b\u0161u g\u0101jiena vai 10 min\u016b\u0161u brauciena no popul\u0101r\u0101s un skaist\u0101s Vecr\u012bgas. Ar\u012b b\u0101ri un restor\u0101ni ir viegli sasniedzam\u0101 att\u0101lum\u0101. RIGAAPARTMENT SONADA apartamentu viesn\u012bca atrodas piln\u012bb\u0101 restaur\u0113t\u0101 v\u0113sturisk\u0101 \u0113k\u0101 ar augstiem griestiem. Visas telpas ir ergonomiskas un [&hellip;]","protected":false},"author":1,"featured_media":0,"parent":0,"menu_order":34,"comment_status":"closed","ping_status":"closed","template":"","meta":{"_acf_changed":false,"footnotes":""},"acf":[],"_links":{"self":[{"href":"https:\/\/rigaapartment.com\/lv\/wp-json\/wp\/v2\/pages\/1809"}],"collection":[{"href":"https:\/\/rigaapartment.com\/lv\/wp-json\/wp\/v2\/pages"}],"about":[{"href":"https:\/\/rigaapartment.com\/lv\/wp-json\/wp\/v2\/types\/page"}],"author":[{"embeddable":true,"href":"https:\/\/rigaapartment.com\/lv\/wp-json\/wp\/v2\/users\/1"}],"replies":[{"embeddable":true,"href":"https:\/\/rigaapartment.com\/lv\/wp-json\/wp\/v2\/comments?post=1809"}],"version-history":[{"count":45,"href":"https:\/\/rigaapartment.com\/lv\/wp-json\/wp\/v2\/pages\/1809\/revisions"}],"predecessor-version":[{"id":10226,"href":"https:\/\/rigaapartment.com\/lv\/wp-json\/wp\/v2\/pages\/1809\/revisions\/10226"}],"wp:attachment":[{"href":"https:\/\/rigaapartment.com\/lv\/wp-json\/wp\/v2\/media?parent=1809"}],"curies":[{"name":"wp","href":"https:\/\/api.w.org\/{rel}","templated":true}]}}