{"id":1808,"date":"2017-01-27T10:56:16","date_gmt":"2017-01-27T10:56:16","guid":{"rendered":"https:\/\/rigaapartment.com\/title-pagelv\/"},"modified":"2024-02-26T18:03:31","modified_gmt":"2024-02-26T18:03:31","slug":"par-elizabetes","status":"publish","type":"page","link":"https:\/\/rigaapartment.com\/lv\/par-elizabetes\/","title":{"rendered":"\ufeffPar Elizabetes"},"content":{"rendered":"<div class=\"row\">\r\n\t<div class=\"col-xs-12 col-sm-12\">\r\n\t\t<p>\r\n\t\t\t<a style=\"width: 100%; padding-left: 0; padding-right: 0;\" href=\"https:\/\/hotels.cloudbeds.com\/reservation\/lHVuh9\" target=\"_blank\" class=\"service-btn\" rel=\"noopener\"> <span>P\u0101rbaud\u012bt cenas un rezerv\u0113t<\/span> <\/a>\r\n\t\t<\/p>\r\n\t<\/div>\r\n<\/div>\r\n\r\n<div class=\"col-md-9\">\r\n\t<div class=\"row\">\r\n\t\t<div class=\"col-xs-12\">\r\n\t\t\t<h2 class=\"service-title\">\u0122ertr\u016bdes ielas \u0161arms un atmosf\u0113ra<\/h2> <\/div>\r\n\t<\/div>\r\n\t<div class=\"row\">\r\n\t\t<div class=\"col-xs-12\">\r\n\t\t\t<p style=\"text-align: justify;\">RIGAAPARTMENT GERTRUDA Apartments &amp; Restaurant \u0113ka atrodas pils\u0113tas centr\u0101 \u2013 v\u0113sturiskaj\u0101 \u0122ertr\u016bdes iel\u0101. T\u0101 ir iela ar senu v\u0113sturi, kuras no Zviedrijas atvestos bru\u0123akme\u0146us ir sk\u0101rusi v\u0113stures elpa un, iesp\u0113jams, tie v\u0113l arvien atceras zirgu vilkto ratu r\u012bb\u0113\u0161anu, tiem traucoties pa ielu.\r\n<\/p>\r\n\t\t\t<p style=\"text-align: justify;\">Iela savu nosaukumu ieguva 19. gadsimta beig\u0101s par godu Sv\u0113t\u0101s \u0122ertr\u016bdes bazn\u012bcai. Bazn\u012bcai ir skaists un smalki veidots sarkano \u0137ie\u0123e\u013cu siluets, t\u0101 atrodas ielas s\u0101kum\u0101 un ir labi redzama pa m\u016bsu viesn\u012bcas logiem un balkoniem.\r\n<\/p>\r\n\t\t\t<p style=\"text-align: justify;\">Gar \u0122ertr\u016bdes ielu rindojas daudzveid\u012bgas \u0113kas, kas p\u0101rst\u0101v vair\u0101k nek\u0101 120 gadu ilgu arhitekt\u016bras v\u0113sturi. Ikvien\u0101 ielas posm\u0101 var redz\u0113t da\u017e\u0101das \u0113ku fas\u0101des. Liel\u0101s j\u016bgendstila un eklektisma stil\u0101 celt\u0101s m\u016bra \u0113kas atrodas l\u012bdz\u0101s 19. gadsimt\u0101 b\u016bv\u0113taj\u0101m viena vai divu st\u0101vu koka \u0113k\u0101m. \u0112ku \u012bpa\u0161nieki 20. gadsimta s\u0101kum\u0101 sacent\u0101s projekt\u0113jot un b\u016bv\u0113jot visinteresant\u0101k\u0101s un neatk\u0101rtojam\u0101k\u0101s \u0113kas, t\u0101 veidojot bag\u0101to ielas v\u0113sturi.\r\n<\/p>\r\n\t\t<\/div>\r\n\t<\/div>\r\n\t<div class=\"row\">\r\n\t\t<div class=\"col-xs-12\">\r\n\t\t\t<div class=\"divider-space\" style=\"padding-top: 10px;\"><\/div>\r\n\t\t<\/div>\r\n\t<\/div>\r\n\t<div class=\"row\">\r\n\t\t<div class=\"col-xs-12\">\r\n\t\t\t<h2 class=\"service-title\">Trad\u012bcijas un pieredze<\/h2> <\/div>\r\n\t<\/div>\r\n\t<div class=\"row\">\r\n\t\t<div class=\"col-xs-12 col-sm-8\">\r\n\t\t\t<p style=\"text-align: justify;\">M\u016bsu dz\u012bvok\u013cu viesn\u012bcas \u0113ka ir celta 1909. gad\u0101, t\u0101 ir pils\u0113tas arhitekt\u016bras piemineklis. \u0112kas past\u0101v\u0113\u0161anas laik\u0101 t\u0101s dz\u012bvok\u013cus \u012br\u0113ju\u0161i da\u017e\u0101di izcili R\u012bgas inteli\u0123ences p\u0101rst\u0101vji un pils\u0113tas viesi, \u017eurn\u0101listi, rakstnieki, juristi un v\u0113sturnieki. \u0160\u012b gadsimta laik\u0101 \u0113ka ir piedz\u012bvojusi gan priekus, gan b\u0113das. Nams ir iztur\u0113jis divus karus un daudzas vald\u012bbu mai\u0146as. Taj\u0101 biju\u0161i gan pla\u0161i aristokr\u0101tu apartamenti, gan padomju laiku komun\u0101lie dz\u012bvok\u013ci.<\/p>\r\n\t\t<\/div>\r\n\t\t<div class=\"col-xs-12 col-sm-4\"> <img decoding=\"async\" src=\"\/wp-content\/uploads\/2016\/08\/building_g54.jpg\" alt=\"\/\/rigaapartment.lv\/wp-content\/uploads\/2015\/12\/building_g54.jpg\"><\/div>\r\n\t<\/div>\r\n\t<div class=\"row\">\r\n\t\t<div class=\"col-xs-12\">\r\n\t\t\t<p style=\"text-align: justify;\">Daudzi m\u016bsu viesi st\u0101sta par laiku, kad \u0161aj\u0101 iel\u0101 dz\u012bvoju\u0161i vi\u0146u vecvec\u0101ki. Da\u017ei no vi\u0146iem mitu\u0161i tie\u0161i \u0161aj\u0101 \u0113k\u0101, ko tagad apmekl\u0113 mazb\u0113rni. Tas ir k\u0101 piesk\u0101riens vi\u0146u dzimtas sakn\u0113m un tuvinieku likte\u0146iem.\r\n<\/p>\r\n\t\t<\/div>\r\n\t<\/div>\r\n\t<div class=\"row\">\r\n\t\t<div class=\"col-xs-12\">\r\n\t\t\t<div class=\"divider-space\" style=\"padding-top: 10px;\"><\/div>\r\n\t\t<\/div>\r\n\t<\/div>\r\n\t<div class=\"row\">\r\n\t\t<div class=\"col-xs-12\">\r\n\t\t\t<h2 class=\"service-title\">Kop\u0161 2008. gada \u0113k\u0101 iek\u0101rtota viesn\u012bca<\/h2> <\/div>\r\n\t<\/div>\r\n\t<div class=\"row\">\r\n\t\t<div class=\"col-xs-12 col-sm-3\">\r\n\t\t\t<div id=\"TA_cdsratingsonlynarrow762\" class=\"TA_cdsratingsonlynarrow\">\r\n\t\t\t\t<div id=\"CDSRATINGWIDGET762\" class=\"cdsROW gray  shadow   border   narrow \">\r\n\t\t\t\t\t<div id=\"CDSROWCONTAINER762\" class=\"cdsROWContainer\">\r\n\t\t\t\t\t\t<div id=\"CDSROWLOC762\" class=\"cdsComponent cdsLocName\"> <a id=\"CDSLOCINNER\" target=\"_blank\" href=\"https:\/\/www.tripadvisor.co.uk\/Hotel_Review-g274967-d2491891-Reviews-Apartments_RIGAAPARTMENT-Riga_Riga_Region.html\" onclick=\"ta.cds.handleTALink($cdsConfig.getMcid()); return true;\" rel=\"nofollow noopener\">Apartments RIGAAPARTMENT<\/a> <\/div>\r\n\t\t\t\t\t\t<div id=\"CDSROWRATING762\" class=\"cdsComponent cdsRating\"> <img decoding=\"async\" src=\"https:\/\/static.tacdn.com\/img2\/t4b\/bldashboard\/bubbleratings\/4.5.png\" alt=\"4.5 of 5 stars\"> <span> 199 atsauksmes <\/span> <\/div>\r\n\t\t\t\t\t\t<div id=\"CDSROWLOGO762\" class=\"cdsComponent logo\">\r\n\t\t\t\t\t\t\t<a target=\"_blank\" href=\"https:\/\/www.tripadvisor.co.uk\/\" rel=\"noopener\"><img decoding=\"async\" src=\"https:\/\/www.tripadvisor.co.uk\/img\/cdsi\/img2\/branding\/tripadvisor_logo_transp_340x80-18034-2.png\" alt=\"TripAdvisor\"><\/a>\r\n\t\t\t\t\t\t<\/div>\r\n\t\t\t\t\t<\/div>\r\n\t\t\t\t<\/div>\r\n\t\t\t<\/div>\r\n\t\t\t<p>\r\n\t\t\t\t<script src=\"https:\/\/www.jscache.com\/wejs?wtype=cdsratingsonlynarrow&amp;uniq=762&amp;locationId=2491891&amp;lang=en_UK&amp;border=true&amp;shadow=true&amp;backgroundColor=gray&amp;display_version=2\"><\/script>\r\n\t\t\t\t<script src=\"https:\/\/www.tripadvisor.co.uk\/WidgetEmbed-cdsratingsonlynarrow?border=true&amp;backgroundColor=gray&amp;shadow=true&amp;locationId=2491891&amp;display_version=2&amp;uniq=762&amp;lang=en_UK\"><\/script>\r\n\t\t\t<\/p>\r\n\t\t<\/div>\r\n\t\t<div class=\"col-xs-12 col-sm-9\">\r\n\t\t\t<p style=\"text-align: justify;\">Kop\u0161 \u0113kas renov\u0101cijas 2008. gad\u0101 RIGAAPARTMENT GERTRUDA Apartments &amp; Restaurant ir \u0113rta dz\u012bvok\u013cu viesn\u012bca ar pla\u0161u da\u017e\u0101da veida naktsm\u012bt\u0146u pied\u0101v\u0101jumu, lai piem\u0113rotu jebk\u0101dam j\u016bsu vajadz\u012bb\u0101m un pras\u012bb\u0101m. \u0112k\u0101 ir gan studijas tipa, vienas, divu un tr\u012bs gu\u013camistabu dz\u012bvok\u013ci, gan da\u017eadu tipa numuri\/istabas tiem, kuri v\u0113las b\u016bt priv\u0101ti, bet neiebilst izmantot ar\u012b koplieto\u0161anas telpas.\r\n<\/p>\r\n\t\t<\/div>\r\n\t<\/div>\r\n\t<div class=\"row\">\r\n\t\t<div class=\"col-xs-12\">\r\n\t\t\t<p style=\"text-align: justify;\">Katra telpa ir piln\u012bb\u0101 apr\u012bkota ar visu nepiecie\u0161amo, lai uztur\u0113\u0161an\u0101s b\u016btu \u0113rta, apg\u0101d\u0101ta ar visu nepiecie\u0161amo. Mums ir viss, lai nodro\u0161in\u0101tu jums komfortablu uztur\u0113\u0161anos: \u0113rtas gultas, piln\u012bb\u0101 apr\u012bkotas virtuves, trauki, mazg\u0101\u0161anas un gludin\u0101\u0161anas ier\u012bces, bezmaksas TV un bezvadu internets. Ikned\u0113\u013cas dz\u012bvok\u013cu un numuru uzkop\u0161ana ir iek\u013cauta izmitin\u0101\u0161anas cen\u0101. M\u016bsu r\u016bp\u012bgie darbinieki ir pieejami ik br\u012bdi, kad jums nepiecie\u0161ama pal\u012bdz\u012bba un atbalsts. Katrs dz\u012bvoklis pirms viesu iera\u0161an\u0101s tiek izt\u012br\u012bts un sagatavots.\r\n<\/p>\r\n\t\t\t<p style=\"text-align: justify;\">Visos dz\u012bvok\u013cos lieliski sadz\u012bvo vecais un jaunais. Liel\u0101k\u0101 da\u013ca s\u0101kotn\u0113jo, v\u0113sturisko iez\u012bmju ir saglab\u0101tas. Dz\u012bvok\u013ci un istabas ir pla\u0161as \u2013 k\u0101 s\u0101kotn\u0113ji projekt\u0113tas. Dz\u012bvok\u013cu un istabu izm\u0113rs \u013cauj izbaud\u012bt \u0113rtu un vienk\u0101r\u0161u uztur\u0113\u0161anos. Vair\u0101k nek\u0101 tr\u012bs metru augstie griesti, lielie spogu\u013ci pie ieejas \u0113k\u0101 un mas\u012bvkoka k\u0101p\u0146u apdare rada v\u0113sturisku atmosf\u0113ru, tom\u0113r vienlaikus dz\u012bvok\u013cos tiek nodro\u0161in\u0101ts ar\u012b m\u016bsdienu pras\u012bb\u0101m atbilsto\u0161s komforts un funkcionalit\u0101te.\r\n<\/p>\r\n\t\t<\/div>\r\n\t<\/div>\r\n\t<div class=\"row\">\r\n\t\t<div class=\"col-xs-12\">\r\n\t\t\t<div class=\"divider-space\" style=\"padding-top: 10px;\"><\/div>\r\n\t\t<\/div>\r\n\t<\/div>\r\n\t<div class=\"row\">\r\n\t\t<div class=\"col-xs-12\">\r\n\t\t\t<h2 class=\"service-title\">Apme\u0161an\u0101s RIGAAPARTMENT GERTRUDA Apartments &amp; Restaurant<\/h2> <\/div>\r\n\t<\/div>\r\n\t<div class=\"row\">\r\n\t\t<div class=\"col-xs-12\">\r\n\t\t\t<p style=\"text-align: justify;\">\u0122ertr\u016bdes iel\u0101 ir daudz uz\u0146\u0113mumu, biroju, k\u0101 ar\u012b modernas kafejn\u012bcas un pic\u0113rijas, konditorijas un nelieli m\u0101j\u012bgi restor\u0101ni, lai iepriecin\u0101tu visas gaumes un gar\u0161as izj\u016btas. Vair\u0101ki priv\u0101ti veikali\u0146i un darbn\u012bcas atrodas l\u012bdz\u0101s lieliem tirdzniec\u012bbas centriem. Iela ir ros\u012bga no agra r\u012bta l\u012bdz v\u0113lam vakaram. \u0160o ielu ir iecien\u012bju\u0161i ne tikai R\u012bgas iedz\u012bvot\u0101ji, bet ar\u012b daudzi t\u016bristi. Pils\u0113tas viesi labpr\u0101t pas\u0113\u017e pie kafijas tases iepirk\u0161an\u0101s pauz\u0113s vai p\u0113c nogurdino\u0161as dienas izbauda kausu alus krogos, kur cenas ir daudz zem\u0101kas nek\u0101 Vecr\u012bg\u0101. Ja v\u0113laties ieelpot k\u0101du malku v\u0113stures un sajust pils\u0113tas gaisotni, brauciet pie mums!\r\n<\/p>\r\n\t\t\t<p style=\"text-align: justify;\">M\u0113s lepojamies ar m\u016bsu draudz\u012bgo person\u0101lu, kas vienm\u0113r ir pieejams, lai atsauc\u012bgi un pozit\u012bvi pal\u012bdz\u0113tu, sniedzot viesiem atbalstu. Visi jaut\u0101jumi un probl\u0113mas vienm\u0113r tiek risin\u0101tas nekav\u0113joties. Pirmaj\u0101 st\u0101v\u0101 ir kafejn\u012bca-bistro LIDO, kur katru dienu no plkst. 8:00 tiek pasniegtas bufetes brokastis. Gar\u0161\u012bgus latvie\u0161u \u0113dienus pasniedz visu dienu l\u012bdz plkst. 23.00. Jums patiks restor\u0101na draudz\u012bg\u0101 un neform\u0101l\u0101 atmosf\u0113ra, k\u0101 ar\u012b cenas j\u016bs iepriecin\u0101s.\r\n<\/p>\r\n\t\t\t<p style=\"text-align: justify;\">RIGAAPARTMENT GERTRUDA Apartments &amp; Restaurant ir galven\u0101 atsl\u0113ga, lai piek\u013c\u016btu m\u016bsu skaist\u0101s pils\u0113tas sirdij. J\u016bs gaida lieliski piedz\u012bvojumi, \u012bpa\u0161i notikumi un pat\u012bkamas atmi\u0146as.\r\n<\/p>\r\n\t\t\t<p style=\"text-align: justify;\">Visu, ko dar\u0101m, m\u0113s dar\u0101m priek\u0161 Jums!<\/p>\r\n\t\t<\/div>\r\n\t<\/div>\r\n<\/div>\r\n<!-- sidebar -->\r\n<div class=\"col-md-3\">\r\n\t<div class=\"box box_black\">\r\n\t\t<div class=\"inner\">\r\n\t\t\t<h3 class=\"bordered\"><span>Viegli <\/span>M\u016aS ATRAST:<\/h3>\r\n\t\t\t<div class=\"social-box\">\r\n\t\t\t\t<div class=\"row social-facebook\"> <a href=\"https:\/\/www.facebook.com\/rigaapartment\" target=\"_blank\" rel=\"noopener\">facebook.com\/rigaapartment<\/a> <\/div>\r\n\t\t\t\t<div class=\"row social-skype\"> <a href=\"skype:rigaapartment?call\"><span>Skype ID:rigaapartment<\/span><\/a> <\/div>\r\n\t\t\t\t<div class=\"row social-twitter\"> <a href=\"https:\/\/twitter.com\/rigaapartment\" target=\"_blank\" rel=\"noopener\">twitter.com\/rigaapartment<\/a> <\/div>\r\n\t\t\t\t<div class=\"row social-linkedin\"> <a href=\"https:\/\/www.linkedin.com\/in\/rigaapartment\" target=\"_blank\" rel=\"noopener\">linkedin.com\/in\/rigaapartment<\/a> <\/div>\r\n\t\t\t<\/div>\r\n\t\t<\/div>\r\n\t<\/div>\r\n\t<div class=\"box box_gray widget_text\">\r\n\t\t<div class=\"inner\">\r\n\t\t\t<h3 class=\"bordered\">Sazinieties TIE\u0160I ar mums<\/h3>\r\n\t\t\t<div class=\"textwidget\">\r\n\t\t\t\t<p>RIGAAPARTMENT GERTRUDA \r\n\t\t\t\t\t<br \/>Apartments &amp; Restaurant\r\n\t\t\t\t\t<br \/> \u0122ertr\u016bdes iela 54, R\u012bga\r\n\t\t\t\t\t<br \/> Rezerv\u0101cija: <a href=\"tel:+37120060009\">+371 2006 0009<\/a>\r\n\t\t\t\t\t<br \/> <a href=\"mailto:reservation@rigaapartment.com\">reservation@rigaapartment.com<\/a>\r\n\t\t\t\t\t<br \/> Recepcija: <a href=\"tel:+37125461546\">+371 2546 1546<\/a>\r\n\t\t\t\t\t<br \/> <a href=\"mailto:reception@rigaapartment.com\">reception@rigaapartment.com<\/a> <\/p>\r\n\t\t\t<\/div>\r\n\t\t<\/div>\r\n\t<\/div>\r\n\t<div class=\"box box_black widget_text\">\r\n\t\t<div class=\"inner\">\r\n\t\t\t<h3 class=\"bordered\">BROKASTIS<\/h3>\r\n\t\t\t<div class=\"textwidget\">Bufetes brokastis katru r\u012btu tiek pasniegtas restor\u0101n\u0101 LIDO GERTRUDE, \u0113kas pirm\u0101 st\u0101v\u0101. Tikai RIGAAPARTMENT viesiem par <span class=\"text-green\">\u012bpa\u0161u cenu 4.68 EUR<\/span> vienai personai.<\/div>\r\n\t\t<\/div>\r\n\t<\/div>\r\n\t<div class=\"box box_gray widget_text\">\r\n\t\t<div class=\"inner\">\r\n\t\t\t<h3 class=\"bordered\">Re\u0123istr\u0113\u0161ana RIGAAPARTMENT GERTRUDA<\/h3>\r\n\t\t\t<div class=\"textwidget\">\r\n\t\t\t\t<p><span class=\"text-green\">Re\u0123istr\u0113\u0161an\u0101s laiks ir no plk. 15:00.<\/span> Apartamentu <span class=\"text-green\">atsl\u0113gas<\/span> m\u016bsu viesiem ir pieejamas dienn\u0101kti atsl\u0113gu boksos \u0113kas pirm\u0101 st\u0101v\u0101.<span class=\"text-green\"> Tikai pa\u0161re\u0123istr\u0101cija ir pieejama! <\/span><\/p>\r\n\t\t\t<\/div>\r\n\t\t<\/div>\r\n\t<\/div>\r\n\t<div class=\"box box_black widget_text\">\r\n\t\t<div class=\"inner\">\r\n\t\t\t<h3 class=\"bordered\"><span>Izrakst\u012b\u0161ana<\/span> RIGAAPARTMENT GERTRUDA<\/h3>\r\n\t\t\t<div class=\"textwidget\">Izrakst\u012b\u0161an\u0101s veicama <span class=\"text-green\">l\u012bdz plk. 11:00<\/span>, R\u012bgas laika. <span class=\"text-green\">Atsl\u0113gas<\/span> l\u016bgums <span class=\"text-green\">iemest paskast\u012bt\u0113 ar nosaukumu &#8220;Express checkout&#8221; <\/span> RIGAAPARTMENT GERTRUDA info d\u0113\u013c\u0101, kas atrodas \u0113kas pirm\u0101 st\u0101v\u0101. <span class=\"text-green\">Izrakst\u012b\u0161an\u0101s p\u0113c plk. 11:00<\/span> autom\u0101tiski tiek uzskat\u012bta par izmitin\u0101\u0161anas laika pagarin\u0101jumu.<\/div>\r\n\t\t<\/div>\r\n\t<\/div>\r\n<\/div>\r\n<!-- sidebar -->","protected":false},"excerpt":{"rendered":"P\u0101rbaud\u012bt cenas un rezerv\u0113t \u0122ertr\u016bdes ielas \u0161arms un atmosf\u0113ra RIGAAPARTMENT GERTRUDA Apartments &amp; Restaurant \u0113ka atrodas pils\u0113tas centr\u0101 \u2013 v\u0113sturiskaj\u0101 \u0122ertr\u016bdes iel\u0101. T\u0101 ir iela ar senu v\u0113sturi, kuras no Zviedrijas atvestos bru\u0123akme\u0146us ir sk\u0101rusi v\u0113stures elpa un, iesp\u0113jams, tie v\u0113l arvien atceras zirgu vilkto ratu r\u012bb\u0113\u0161anu, tiem traucoties pa ielu. Iela savu nosaukumu ieguva [&hellip;]","protected":false},"author":1,"featured_media":0,"parent":0,"menu_order":31,"comment_status":"closed","ping_status":"closed","template":"","meta":{"_acf_changed":false,"footnotes":""},"acf":[],"_links":{"self":[{"href":"https:\/\/rigaapartment.com\/lv\/wp-json\/wp\/v2\/pages\/1808"}],"collection":[{"href":"https:\/\/rigaapartment.com\/lv\/wp-json\/wp\/v2\/pages"}],"about":[{"href":"https:\/\/rigaapartment.com\/lv\/wp-json\/wp\/v2\/types\/page"}],"author":[{"embeddable":true,"href":"https:\/\/rigaapartment.com\/lv\/wp-json\/wp\/v2\/users\/1"}],"replies":[{"embeddable":true,"href":"https:\/\/rigaapartment.com\/lv\/wp-json\/wp\/v2\/comments?post=1808"}],"version-history":[{"count":33,"href":"https:\/\/rigaapartment.com\/lv\/wp-json\/wp\/v2\/pages\/1808\/revisions"}],"predecessor-version":[{"id":11267,"href":"https:\/\/rigaapartment.com\/lv\/wp-json\/wp\/v2\/pages\/1808\/revisions\/11267"}],"wp:attachment":[{"href":"https:\/\/rigaapartment.com\/lv\/wp-json\/wp\/v2\/media?parent=1808"}],"curies":[{"name":"wp","href":"https:\/\/api.w.org\/{rel}","templated":true}]}}