{"id":1405,"date":"2017-01-11T14:35:47","date_gmt":"2017-01-11T14:35:47","guid":{"rendered":"https:\/\/rigaapartment.com\/?page_id=1405\/"},"modified":"2024-09-13T22:39:32","modified_gmt":"2024-09-13T22:39:32","slug":"parking-sonada","status":"publish","type":"page","link":"https:\/\/rigaapartment.com\/lv\/parking-sonada\/","title":{"rendered":"Priv\u0101t\u0101 autost\u0101vvieta"},"content":{"rendered":"<a href=\"\/wp-content\/uploads\/2024\/09\/park-lv.jpg\"><img decoding=\"async\" title=\"\"  src=\"\/wp-content\/uploads\/2024\/09\/park-lv.jpg\" alt=\"\" class=\"alignnone size-full wp-image-8142\" \/><\/a>","protected":false},"excerpt":{"rendered":"","protected":false},"author":1,"featured_media":0,"parent":0,"menu_order":53,"comment_status":"closed","ping_status":"closed","template":"","meta":{"_acf_changed":false,"footnotes":""},"acf":[],"_links":{"self":[{"href":"https:\/\/rigaapartment.com\/lv\/wp-json\/wp\/v2\/pages\/1405"}],"collection":[{"href":"https:\/\/rigaapartment.com\/lv\/wp-json\/wp\/v2\/pages"}],"about":[{"href":"https:\/\/rigaapartment.com\/lv\/wp-json\/wp\/v2\/types\/page"}],"author":[{"embeddable":true,"href":"https:\/\/rigaapartment.com\/lv\/wp-json\/wp\/v2\/users\/1"}],"replies":[{"embeddable":true,"href":"https:\/\/rigaapartment.com\/lv\/wp-json\/wp\/v2\/comments?post=1405"}],"version-history":[{"count":7,"href":"https:\/\/rigaapartment.com\/lv\/wp-json\/wp\/v2\/pages\/1405\/revisions"}],"predecessor-version":[{"id":11509,"href":"https:\/\/rigaapartment.com\/lv\/wp-json\/wp\/v2\/pages\/1405\/revisions\/11509"}],"wp:attachment":[{"href":"https:\/\/rigaapartment.com\/lv\/wp-json\/wp\/v2\/media?parent=1405"}],"curies":[{"name":"wp","href":"https:\/\/api.w.org\/{rel}","templated":true}]}}