{"id":10567,"date":"2024-02-05T12:19:53","date_gmt":"2024-02-05T12:19:53","guid":{"rendered":"https:\/\/rigaapartment.com\/?page_id=10567"},"modified":"2024-02-24T18:07:53","modified_gmt":"2024-02-24T18:07:53","slug":"lv-students-elizabetes","status":"publish","type":"page","link":"https:\/\/rigaapartment.com\/lv\/lv-students-elizabetes\/","title":{"rendered":"STUDENTU IZMITIN\u0100\u0160ANA | ELIZABETES IELA 22, R\u012aGA"},"content":{"rendered":"<div class=\"row\">\r\n\t<div class=\"col-xs-12 col-sm-12\">\r\n\t\t<h3 class=\"service-title\">Apartamentu saraksts<\/h3>\r\n\t\t<p>\r\n\t\t\t<a href=\"https:\/\/hotels.cloudbeds.com\/ru\/reservation\/J0kYfN\" target=\"_blank\" class=\"service-btn\" rel=\"noopener\"> <span>PARBAUDIT CENAS UN REZERVET<\/span> <\/a>\r\n\t\t<\/p>\r\n\t\t<p>Rakstiet mums: <a href=\"mailto:reservation@rigaapartment.com\">reservation@rigaapartment.com<\/a><\/p>\r\n\t<\/div>\r\n<\/div>","protected":false},"excerpt":{"rendered":"Apartamentu saraksts PARBAUDIT CENAS UN REZERVET Rakstiet mums: reservation@rigaapartment.com","protected":false},"author":1,"featured_media":0,"parent":0,"menu_order":91,"comment_status":"closed","ping_status":"closed","template":"page-template-category.php","meta":{"_acf_changed":false,"footnotes":""},"acf":[],"_links":{"self":[{"href":"https:\/\/rigaapartment.com\/lv\/wp-json\/wp\/v2\/pages\/10567"}],"collection":[{"href":"https:\/\/rigaapartment.com\/lv\/wp-json\/wp\/v2\/pages"}],"about":[{"href":"https:\/\/rigaapartment.com\/lv\/wp-json\/wp\/v2\/types\/page"}],"author":[{"embeddable":true,"href":"https:\/\/rigaapartment.com\/lv\/wp-json\/wp\/v2\/users\/1"}],"replies":[{"embeddable":true,"href":"https:\/\/rigaapartment.com\/lv\/wp-json\/wp\/v2\/comments?post=10567"}],"version-history":[{"count":4,"href":"https:\/\/rigaapartment.com\/lv\/wp-json\/wp\/v2\/pages\/10567\/revisions"}],"predecessor-version":[{"id":10858,"href":"https:\/\/rigaapartment.com\/lv\/wp-json\/wp\/v2\/pages\/10567\/revisions\/10858"}],"wp:attachment":[{"href":"https:\/\/rigaapartment.com\/lv\/wp-json\/wp\/v2\/media?parent=10567"}],"curies":[{"name":"wp","href":"https:\/\/api.w.org\/{rel}","templated":true}]}}